{"id":549,"date":"2024-12-09T21:43:13","date_gmt":"2024-12-09T21:43:13","guid":{"rendered":"https:\/\/demos8.bitaminadigital.com\/fruehauf\/?page_id=549"},"modified":"2024-12-27T21:23:41","modified_gmt":"2024-12-27T21:23:41","slug":"bolsa-de-trabajo","status":"publish","type":"page","link":"https:\/\/demos8.bitaminadigital.com\/fruehauf\/bolsa-de-trabajo\/","title":{"rendered":"Bolsa de trabajo"},"content":{"rendered":"\t\t<div data-elementor-type=\"wp-page\" data-elementor-id=\"549\" class=\"elementor elementor-549\">\n\t\t\t\t<div class=\"elementor-element elementor-element-1a89fac e-flex e-con-boxed e-con e-parent\" data-id=\"1a89fac\" data-element_type=\"container\" data-settings=\"{&quot;background_background&quot;:&quot;classic&quot;}\">\n\t\t\t\t\t<div class=\"e-con-inner\">\n\t\t\t\t<div class=\"elementor-element elementor-element-0d71655 de_scroll_animation_no elementor-widget elementor-widget-heading\" data-id=\"0d71655\" data-element_type=\"widget\" data-widget_type=\"heading.default\">\n\t\t\t\t<div class=\"elementor-widget-container\">\n\t\t\t<h1 class=\"elementor-heading-title elementor-size-default\">BOLSA DE TRABAJO<\/h1>\t\t<\/div>\n\t\t\t\t<\/div>\n\t\t\t\t<div class=\"elementor-element elementor-element-1b5e032 de_scroll_animation_no elementor-widget elementor-widget-text-editor\" data-id=\"1b5e032\" data-element_type=\"widget\" data-widget_type=\"text-editor.default\">\n\t\t\t\t<div class=\"elementor-widget-container\">\n\t\t\t\t\t\t\t<div class=\"wpb_text_column wpb_content_element pregunta\"><div class=\"wpb_wrapper\"><p>Nos gustar\u00eda que formaras parte de nuestro equipo de trabajo.<\/p><\/div><\/div>\t\t\t\t\t\t<\/div>\n\t\t\t\t<\/div>\n\t\t\t\t<div class=\"elementor-element elementor-element-7edda48 elementor-widget__width-initial de_scroll_animation_no elementor-widget elementor-widget-shortcode\" data-id=\"7edda48\" data-element_type=\"widget\" data-widget_type=\"shortcode.default\">\n\t\t\t\t<div class=\"elementor-widget-container\">\n\t\t\t\t\t<div class=\"elementor-shortcode\"><div class=\"mf-form-shortcode\">\r\n\t\t<div\r\n\t\t\tid=\"metform-wrap-544-544\"\r\n\t\t\tclass=\"mf-form-wrapper\"\r\n\t\t\tdata-form-id=\"544\"\r\n\t\t\tdata-action=\"https:\/\/demos8.bitaminadigital.com\/fruehauf\/wp-json\/metform\/v1\/entries\/insert\/544\"\r\n\t\t\tdata-wp-nonce=\"42a63cfd89\"\r\n\t\t\tdata-form-nonce=\"b12f5b1286\"\r\n\t\t\tdata-quiz-summery = \"false\"\r\n\t\t\tdata-save-progress = \"false\"\r\n\t\t\tdata-form-type=\"general-form\"\r\n\t\t\tdata-stop-vertical-effect=\"\"\r\n\t\t\t><\/div>\r\n\r\n\r\n\t\t<!----------------------------- \r\n\t\t\t* controls_data : find the the props passed indie of data attribute\r\n\t\t\t* props.SubmitResponseMarkup : contains the markup of error or success message\r\n\t\t\t* https:\/\/developer.mozilla.org\/en-US\/docs\/Web\/JavaScript\/Reference\/Template_literals\r\n\t\t--------------------------- -->\r\n\r\n\t\t\t\t<script type=\"text\/mf\" class=\"mf-template\">\r\n\t\t\tfunction controls_data (value){\r\n\t\t\t\tlet currentWrapper = \"mf-response-props-id-544\";\r\n\t\t\t\tlet currentEl = document.getElementById(currentWrapper);\r\n\t\t\t\t\r\n\t\t\t\treturn currentEl ? currentEl.dataset[value] : false\r\n\t\t\t}\r\n\r\n\r\n\t\t\tlet is_edit_mode = '' ? true : false;\r\n\t\t\tlet message_position = controls_data('messageposition') || 'top';\r\n\r\n\t\t\t\r\n\t\t\tlet message_successIcon = controls_data('successicon') || '';\r\n\t\t\tlet message_errorIcon = controls_data('erroricon') || '';\r\n\t\t\tlet message_editSwitch = controls_data('editswitchopen') === 'yes' ? true : false;\r\n\t\t\tlet message_proClass = controls_data('editswitchopen') === 'yes' ? 'mf_pro_activated' : '';\r\n\t\t\t\r\n\t\t\tlet is_dummy_markup = is_edit_mode && message_editSwitch ? true : false;\r\n\r\n\t\t\t\r\n\t\t\treturn html`\r\n\t\t\t\t<form\r\n\t\t\t\t\tclassName=\"metform-form-content\"\r\n\t\t\t\t\tref=${parent.formContainerRef}\r\n\t\t\t\t\tonSubmit=${ validation.handleSubmit( parent.handleFormSubmit ) }\r\n\t\t\t\t\r\n\t\t\t\t\t>\r\n\t\t\t\r\n\t\t\t\r\n\t\t\t\t\t${is_dummy_markup ? message_position === 'top' ?  props.ResponseDummyMarkup(message_successIcon, message_proClass) : '' : ''}\r\n\t\t\t\t\t${is_dummy_markup ? ' ' :  message_position === 'top' ? props.SubmitResponseMarkup`${parent}${state}${message_successIcon}${message_errorIcon}${message_proClass}` : ''}\r\n\r\n\t\t\t\t\t<!--------------------------------------------------------\r\n\t\t\t\t\t*** IMPORTANT \/ DANGEROUS ***\r\n\t\t\t\t\t${html``} must be used as in immediate child of \"metform-form-main-wrapper\"\r\n\t\t\t\t\tclass otherwise multistep form will not run at all\r\n\t\t\t\t\t---------------------------------------------------------->\r\n\r\n\t\t\t\t\t<div className=\"metform-form-main-wrapper\" key=${'hide-form-after-submit'} ref=${parent.formRef}>\r\n\t\t\t\t\t${html`\r\n\t\t\t\t\t\t\t\t<div data-elementor-type=\"wp-post\" key=\"2\" data-elementor-id=\"544\" className=\"elementor elementor-544\">\n\t\t\t\t<div className=\"elementor-element elementor-element-87526f0 e-flex e-con-boxed e-con e-parent\" data-id=\"87526f0\" data-element_type=\"container\">\n\t\t\t\t\t<div className=\"e-con-inner\">\n\t\t\t\t<div className=\"elementor-element elementor-element-8fa43c7 de_scroll_animation_no elementor-widget elementor-widget-mf-text\" data-id=\"8fa43c7\" data-element_type=\"widget\" data-settings=\"{&quot;mf_input_name&quot;:&quot;mf-name&quot;}\" data-widget_type=\"mf-text.default\">\n\t\t\t\t<div className=\"elementor-widget-container\">\n\t\t\t\r\n\t\t<div className=\"mf-input-wrapper\">\r\n\t\t\t\t\t\t\t<label className=\"mf-input-label\" htmlFor=\"mf-input-text-8fa43c7\">\r\n\t\t\t\t\t${ parent.decodeEntities(`Nombre`) } \t\t\t\t\t<span className=\"mf-input-required-indicator\">*<\/span>\r\n\t\t\t\t<\/label>\r\n\t\t\t\r\n\t\t\t<input\r\n\t\t\t\ttype=\"text\"\r\n\t\t\t\tclassName=\"mf-input \"\r\n\t\t\t\tid=\"mf-input-text-8fa43c7\"\r\n\t\t\t\tname=\"mf-name\"\r\n\t\t\t\tplaceholder=\"${ parent.decodeEntities(`Nombre`) } \"\r\n\t\t\t\t\t\t\t\t\tonInput=${parent.handleChange}\r\n\t\t\t\t\tonBlur=${parent.handleChange}\r\n\t\t\t\t\taria-invalid=${validation.errors['mf-name'] ? 'true' : 'false'}\r\n\t\t\t\t\tref=${el =>{\r\n\t\t\t\t\t\t\t\t\t\t\t\tparent.activateValidation({\"message\":\"Campo requerido.\",\"minLength\":1,\"maxLength\":\"\",\"type\":\"none\",\"required\":true,\"expression\":\"null\"}, el)\r\n\t\t\t\t\t}}\r\n\t\t\t\t\t\t\t\t\/>\r\n\r\n\t\t\t\t\t\t\t<${validation.ErrorMessage}\r\n\t\t\t\t\terrors=${validation.errors}\r\n\t\t\t\t\tname=\"mf-name\"\r\n\t\t\t\t\tas=${html`<span className=\"mf-error-message\"><\/span>`}\r\n\t\t\t\t\t\/>\r\n\t\t\t\r\n\t\t\t\t\t<\/div>\r\n\r\n\t\t\t\t<\/div>\n\t\t\t\t<\/div>\n\t\t\t\t<div className=\"elementor-element elementor-element-86f31be de_scroll_animation_no elementor-widget elementor-widget-mf-email\" data-id=\"86f31be\" data-element_type=\"widget\" data-settings=\"{&quot;mf_input_name&quot;:&quot;mf-email&quot;}\" data-widget_type=\"mf-email.default\">\n\t\t\t\t<div className=\"elementor-widget-container\">\n\t\t\t\r\n\t\t<div className=\"mf-input-wrapper\">\r\n\t\t\t\t\t\t\t<label className=\"mf-input-label\" htmlFor=\"mf-input-email-86f31be\">\r\n\t\t\t\t\t${ parent.decodeEntities(`Email`) } \t\t\t\t\t<span className=\"mf-input-required-indicator\">*<\/span>\r\n\t\t\t\t<\/label>\r\n\t\t\t\r\n\t\t\t<input \r\n\t\t\t\ttype=\"email\" \r\n\t\t\t\t \r\n\t\t\t\tdefaultValue=\"\" \r\n\t\t\t\tclassName=\"mf-input \" \r\n\t\t\t\tid=\"mf-input-email-86f31be\" \r\n\t\t\t\tname=\"mf-email\" \r\n\t\t\t\tplaceholder=\"${ parent.decodeEntities(`Email`) } \" \r\n\t\t\t\t \r\n\t\t\t\tonBlur=${parent.handleChange} onFocus=${parent.handleChange} aria-invalid=${validation.errors['mf-email'] ? 'true' : 'false' } \r\n\t\t\t\tref=${el=> parent.activateValidation({\"message\":\"Campo requerido.\",\"emailMessage\":\"Please enter a valid Email address\",\"minLength\":1,\"maxLength\":\"\",\"type\":\"none\",\"required\":true,\"expression\":\"null\"}, el)}\r\n\t\t\t\t\t\t\t\/>\r\n\r\n\t\t\t\t\t\t<${validation.ErrorMessage} \r\n\t\t\t\terrors=${validation.errors} \r\n\t\t\t\tname=\"mf-email\" \r\n\t\t\t\tas=${html`<span className=\"mf-error-message\"><\/span>`}\r\n\t\t\t\/>\r\n\t\t\t\r\n\t\t\t\t\t<\/div>\r\n\r\n\t\t<\/div>\n\t\t\t\t<\/div>\n\t\t\t\t<div className=\"elementor-element elementor-element-588a11b de_scroll_animation_no elementor-widget elementor-widget-mf-telephone\" data-id=\"588a11b\" data-element_type=\"widget\" data-settings=\"{&quot;mf_input_name&quot;:&quot;mf-telephone&quot;}\" data-widget_type=\"mf-telephone.default\">\n\t\t\t\t<div className=\"elementor-widget-container\">\n\t\t\t\n\t\t<div className=\"mf-input-wrapper\">\n\t\t\t\t\t\t\t<label className=\"mf-input-label\" htmlFor=\"mf-input-telephone-588a11b\">\n\t\t\t\t\t${ parent.decodeEntities(`Tel\u00e9fono`) } \t\t\t\t\t<span className=\"mf-input-required-indicator\">*<\/span>\n\t\t\t\t<\/label>\n\t\t\t\n\t\t\t<input\n\t\t\t\ttype=\"tel\"\n\t\t\t\tclassName=\"mf-input \"\n\t\t\t\tid=\"mf-input-telephone-588a11b\" \n\t\t\t\tname=\"mf-telephone\"\n\t\t\t\tplaceholder=\"${ parent.decodeEntities(`N\u00famero a 10 d\u00edgitos`) } \"\n\t\t\t\t\t\t\t\t\tonInput=${parent.handleChange}\n\t\t\t\t\taria-invalid=${validation.errors['mf-telephone'] ? 'true' : 'false'}\n\t\t\t\t\tref=${el => parent.activateValidation({\"message\":\"Campo requerido.\",\"minLength\":10,\"maxLength\":10,\"type\":\"by_character_length\",\"required\":true,\"expression\":\"null\"}, el)}\n\t\t\t\t\t\t\t\t\/>\n\t\t\t\n\t\t\t\t\t\t\t<${validation.ErrorMessage}\n\t\t\t\t\terrors=${validation.errors}\n\t\t\t\t\tname=\"mf-telephone\"\n\t\t\t\t\tas=${html`<span className=\"mf-error-message\"><\/span>`}\n\t\t\t\t\t\/>\n\t\t\t\n\t\t\t\n\t\t<\/div>\n\n\t\t\t\t<\/div>\n\t\t\t\t<\/div>\n\t\t\t\t<div className=\"elementor-element elementor-element-b793436 de_scroll_animation_no elementor-widget elementor-widget-mf-textarea\" data-id=\"b793436\" data-element_type=\"widget\" data-settings=\"{&quot;mf_input_name&quot;:&quot;mf-mensaje&quot;}\" data-widget_type=\"mf-textarea.default\">\n\t\t\t\t<div className=\"elementor-widget-container\">\n\t\t\t\r\n\t\t<div className=\"mf-input-wrapper\">\r\n\t\t\t\t\t\t\t<label className=\"mf-input-label\" htmlFor=\"mf-input-text-area-b793436\">\r\n\t\t\t\t\t${ parent.decodeEntities(`Mensaje`) } \t\t\t\t\t<span className=\"mf-input-required-indicator\">*<\/span>\r\n\t\t\t\t<\/label>\r\n\t\t\t\r\n\t\t\t<textarea className=\"mf-input mf-textarea \" id=\"mf-input-text-area-b793436\"\r\n\t\t\t\tname=\"mf-mensaje\" \r\n\t\t\t\tplaceholder=\"${ parent.decodeEntities(`Mensaje`) } \"\r\n\t\t\t\tcols=\"30\" rows=\"10\"\r\n\t\t\t\t\t\t\t\t\tonInput=${ parent.handleChange }\r\n\t\t\t\t\taria-invalid=${validation.errors['mf-mensaje'] ? 'true' : 'false'}\r\n\t\t\t\t\tref=${ el => parent.activateValidation({\"message\":\"Campo obligatorio.\",\"minLength\":1,\"maxLength\":\"\",\"type\":\"none\",\"required\":true,\"expression\":\"null\"}, el)}\r\n\t\t\t\t\t\t\t\t><\/textarea>\r\n\r\n\t\t\t\t\t\t\t<${validation.ErrorMessage}\r\n\t\t\t\t\terrors=${validation.errors}\r\n\t\t\t\t\tname=\"mf-mensaje\"\r\n\t\t\t\t\tas=${html`<span className=\"mf-error-message\"><\/span>`}\r\n\t\t\t\t\t\/>\r\n\t\t\t\t\t\t\t\t<\/div>\r\n\r\n\t\t\t\t<\/div>\n\t\t\t\t<\/div>\n\t\t\t\t<div className=\"elementor-element elementor-element-afc754e de_scroll_animation_no elementor-widget elementor-widget-mf-file-upload\" data-id=\"afc754e\" data-element_type=\"widget\" data-settings=\"{&quot;mf_input_name&quot;:&quot;mf-file-upload&quot;}\" data-widget_type=\"mf-file-upload.default\">\n\t\t\t\t<div className=\"elementor-widget-container\">\n\t\t\t\t\t\r\n\t\t\r\n\t\t<div className=\"mf-input-wrapper\">\r\n\t\t\t\t\t\t\t<label className=\"mf-input-label\" htmlFor=\"mf-input-file-upload-afc754e\">\r\n\t\t\t\t\t${ parent.decodeEntities(`Selecciona un archivo`) } \t\t\t\t\t<span className=\"mf-input-required-indicator\">*<\/span>\r\n\t\t\t\t<\/label>\r\n\t\t\t\r\n\t\t\t<div className=\"mf-file-upload-container multi-option-input-type\">\r\n\t\t\t\t<input\r\n\t\t\t\t\ttype=\"file\"\r\n\t\t\t\t\tclassName=\"mf-input mf-input-file-upload \"\r\n\t\t\t\t\tid=\"mf-input-file-upload-afc754e\" \r\n\t\t\t\t\tname=\"mf-file-upload\" \r\n\t\t\t\t\t\t\t\t\t\taccept=\".pdf, .doc, .docx\"\r\n\t\t\t\t\tonInput=${ parent.handleFileUpload }\r\n\t\t\t\t\taria-invalid=${validation.errors['mf-file-upload'] ? 'true' : 'false'}\r\n\t\t\t\t\tref=${ el => parent.activateValidation({\"message\":\"Campo requerido.\",\"required\":true,\"file_types\":[\".pdf\",\".doc\",\".docx\"],\"type_message\":\"Invalid file extension\",\"size_limit\":3000,\"limit_message\":\"File size cannot exceed 3000 kb\"}, el) }\r\n\t\t\t\t\t\/>\r\n\t\t\t\t<label htmlFor=\"mf-input-file-upload-afc754e\" className=\"mf-input-file-upload-label metform-btn\">\r\n\t\t\t\t\t<span>${ parent.decodeEntities(`Seleccionar archivo.`) } <\/span>\t\t\t\t<\/label>\r\n\t\t\t\t<div className=\"mf-file-name\">\r\n\t\t\t\t\t<span>${parent.getFileLabel( 'mf-file-upload', 'Sin archivo seleccionado.' )}<\/span>\r\n\t\t\t\t<\/div>\r\n\t\t\t\t\r\n\t\t\t<\/div>\r\n\r\n\t\t\t\t\t\t\t<${validation.ErrorMessage}\r\n\t\t\t\t\terrors=${validation.errors}\r\n\t\t\t\t\tname=\"mf-file-upload\"\r\n\t\t\t\t\tas=${html`<span className=\"mf-error-message\"><\/span>`}\r\n\t\t\t\t\t\/>\r\n\t\t\t\r\n\t\t\t<span className=\"mf-input-help\"> ${ parent.decodeEntities(`L\u00edmite m\u00e1ximo de 3MB.\nFormatos v\u00e1lidos: Word y PDF.`) }  <\/span>\t\t<\/div>\r\n\r\n\t\t\r\n\t\t\t\t<\/div>\n\t\t\t\t<\/div>\n\t\t\t\t<div className=\"elementor-element elementor-element-e58bf36 mf-btn--left de_scroll_animation_no elementor-widget elementor-widget-mf-button\" data-id=\"e58bf36\" data-element_type=\"widget\" data-widget_type=\"mf-button.default\">\n\t\t\t\t<div className=\"elementor-widget-container\">\n\t\t\t\t\t<div className=\"mf-btn-wraper \" data-mf-form-conditional-logic-requirement=\"\">\r\n\t\t\t\t\t\t\t<button type=\"submit\" className=\"metform-btn metform-submit-btn \" id=\"\">\r\n\t\t\t\t\t<span>${ parent.decodeEntities(`ENVIAR SOLICITUD`) } <\/span>\r\n\t\t\t\t<\/button>\r\n\t\t\t        <\/div>\r\n        \t\t<\/div>\n\t\t\t\t<\/div>\n\t\t\t\t\t<\/div>\n\t\t\t\t<\/div>\n\t\t\t\t<\/div>\n\t\t\t\t\t\t\t`}\r\n\t\t\t\t\t<\/div>\r\n\r\n\t\t\t\t\t${is_dummy_markup ? message_position === 'bottom' ? props.ResponseDummyMarkup(message_successIcon, message_proClass) : '' : ''}\r\n\t\t\t\t\t${is_dummy_markup ? ' ' : message_position === 'bottom' ? props.SubmitResponseMarkup`${parent}${state}${message_successIcon}${message_errorIcon}${message_proClass}` : ''}\r\n\t\t\t\t\r\n\t\t\t\t<\/form>\r\n\t\t\t`\r\n\t\t<\/script>\r\n\r\n\t\t<\/div><\/div>\n\t\t\t\t<\/div>\n\t\t\t\t<\/div>\n\t\t\t\t\t<\/div>\n\t\t\t\t<\/div>\n\t\t\t\t<\/div>\n\t\t","protected":false},"excerpt":{"rendered":"<p>BOLSA DE TRABAJO Nos gustar\u00eda que formaras parte de nuestro equipo de trabajo.<\/p>\n","protected":false},"author":1,"featured_media":0,"parent":0,"menu_order":0,"comment_status":"closed","ping_status":"closed","template":"","meta":{"footnotes":""},"class_list":["post-549","page","type-page","status-publish","hentry"],"yoast_head":"<!-- This site is optimized with the Yoast SEO plugin v24.1 - https:\/\/yoast.com\/wordpress\/plugins\/seo\/ -->\n<title>Fruehauf, atenci\u00f3n al cliente en l\u00ednea y por tel\u00e9fono<\/title>\n<meta name=\"description\" content=\"Comun\u00edcate con Fruehauf: formulario en l\u00ednea, tel\u00e9fonos 55 5898 7800 y 800 633 9117, o correo ventas@fruehauf.mx. \u00a1Esperamos tu mensaje!\" \/>\n<meta name=\"robots\" content=\"index, follow, max-snippet:-1, max-image-preview:large, max-video-preview:-1\" \/>\n<link rel=\"canonical\" href=\"https:\/\/demos8.bitaminadigital.com\/fruehauf\/bolsa-de-trabajo\/\" \/>\n<meta property=\"og:locale\" content=\"es_MX\" \/>\n<meta property=\"og:type\" content=\"article\" \/>\n<meta property=\"og:title\" content=\"Fruehauf, atenci\u00f3n al cliente en l\u00ednea y por tel\u00e9fono\" \/>\n<meta property=\"og:description\" content=\"Comun\u00edcate con Fruehauf: formulario en l\u00ednea, tel\u00e9fonos 55 5898 7800 y 800 633 9117, o correo ventas@fruehauf.mx. \u00a1Esperamos tu mensaje!\" \/>\n<meta property=\"og:url\" content=\"https:\/\/demos8.bitaminadigital.com\/fruehauf\/bolsa-de-trabajo\/\" \/>\n<meta property=\"og:site_name\" content=\"Fruehauf\" \/>\n<meta property=\"article:publisher\" content=\"https:\/\/www.facebook.com\/FruehaufdeMexico\" \/>\n<meta property=\"article:modified_time\" content=\"2024-12-27T21:23:41+00:00\" \/>\n<meta property=\"og:image\" content=\"https:\/\/demos8.bitaminadigital.com\/fruehauf\/wp-content\/uploads\/2024\/11\/logo_fruehauf.webp\" \/>\n\t<meta property=\"og:image:width\" content=\"378\" \/>\n\t<meta property=\"og:image:height\" content=\"44\" \/>\n\t<meta property=\"og:image:type\" content=\"image\/webp\" \/>\n<meta name=\"twitter:card\" content=\"summary_large_image\" \/>\n<meta name=\"twitter:site\" content=\"@FRUEHAUFMEXICO\" \/>\n<meta name=\"twitter:label1\" content=\"Tiempo de lectura\" \/>\n\t<meta name=\"twitter:data1\" content=\"1 minuto\" \/>\n<script type=\"application\/ld+json\" class=\"yoast-schema-graph\">{\"@context\":\"https:\/\/schema.org\",\"@graph\":[{\"@type\":\"WebPage\",\"@id\":\"https:\/\/demos8.bitaminadigital.com\/fruehauf\/bolsa-de-trabajo\/\",\"url\":\"https:\/\/demos8.bitaminadigital.com\/fruehauf\/bolsa-de-trabajo\/\",\"name\":\"Fruehauf, atenci\u00f3n al cliente en l\u00ednea y por tel\u00e9fono\",\"isPartOf\":{\"@id\":\"https:\/\/demos8.bitaminadigital.com\/fruehauf\/#website\"},\"datePublished\":\"2024-12-09T21:43:13+00:00\",\"dateModified\":\"2024-12-27T21:23:41+00:00\",\"description\":\"Comun\u00edcate con Fruehauf: formulario en l\u00ednea, tel\u00e9fonos 55 5898 7800 y 800 633 9117, o correo ventas@fruehauf.mx. \u00a1Esperamos tu mensaje!\",\"breadcrumb\":{\"@id\":\"https:\/\/demos8.bitaminadigital.com\/fruehauf\/bolsa-de-trabajo\/#breadcrumb\"},\"inLanguage\":\"es\",\"potentialAction\":[{\"@type\":\"ReadAction\",\"target\":[\"https:\/\/demos8.bitaminadigital.com\/fruehauf\/bolsa-de-trabajo\/\"]}]},{\"@type\":\"BreadcrumbList\",\"@id\":\"https:\/\/demos8.bitaminadigital.com\/fruehauf\/bolsa-de-trabajo\/#breadcrumb\",\"itemListElement\":[{\"@type\":\"ListItem\",\"position\":1,\"name\":\"Inicio\",\"item\":\"https:\/\/demos8.bitaminadigital.com\/fruehauf\/\"},{\"@type\":\"ListItem\",\"position\":2,\"name\":\"Bolsa de trabajo\"}]},{\"@type\":\"WebSite\",\"@id\":\"https:\/\/demos8.bitaminadigital.com\/fruehauf\/#website\",\"url\":\"https:\/\/demos8.bitaminadigital.com\/fruehauf\/\",\"name\":\"Fruehauf\",\"description\":\"Dise\u00f1ado para durar\",\"publisher\":{\"@id\":\"https:\/\/demos8.bitaminadigital.com\/fruehauf\/#organization\"},\"potentialAction\":[{\"@type\":\"SearchAction\",\"target\":{\"@type\":\"EntryPoint\",\"urlTemplate\":\"https:\/\/demos8.bitaminadigital.com\/fruehauf\/?s={search_term_string}\"},\"query-input\":{\"@type\":\"PropertyValueSpecification\",\"valueRequired\":true,\"valueName\":\"search_term_string\"}}],\"inLanguage\":\"es\"},{\"@type\":\"Organization\",\"@id\":\"https:\/\/demos8.bitaminadigital.com\/fruehauf\/#organization\",\"name\":\"Fruehauf\",\"url\":\"https:\/\/demos8.bitaminadigital.com\/fruehauf\/\",\"logo\":{\"@type\":\"ImageObject\",\"inLanguage\":\"es\",\"@id\":\"https:\/\/demos8.bitaminadigital.com\/fruehauf\/#\/schema\/logo\/image\/\",\"url\":\"https:\/\/demos8.bitaminadigital.com\/fruehauf\/wp-content\/uploads\/2024\/11\/logo_fruehauf.webp\",\"contentUrl\":\"https:\/\/demos8.bitaminadigital.com\/fruehauf\/wp-content\/uploads\/2024\/11\/logo_fruehauf.webp\",\"width\":378,\"height\":44,\"caption\":\"Fruehauf\"},\"image\":{\"@id\":\"https:\/\/demos8.bitaminadigital.com\/fruehauf\/#\/schema\/logo\/image\/\"},\"sameAs\":[\"https:\/\/www.facebook.com\/FruehaufdeMexico\",\"https:\/\/x.com\/FRUEHAUFMEXICO\",\"https:\/\/www.instagram.com\/fruehaufdemexico\/\",\"https:\/\/www.youtube.com\/@fruehaufmexico\",\"https:\/\/www.linkedin.com\/company\/fruehauf-mxico\/\"]}]}<\/script>\n<!-- \/ Yoast SEO plugin. -->","yoast_head_json":{"title":"Fruehauf, atenci\u00f3n al cliente en l\u00ednea y por tel\u00e9fono","description":"Comun\u00edcate con Fruehauf: formulario en l\u00ednea, tel\u00e9fonos 55 5898 7800 y 800 633 9117, o correo ventas@fruehauf.mx. \u00a1Esperamos tu mensaje!","robots":{"index":"index","follow":"follow","max-snippet":"max-snippet:-1","max-image-preview":"max-image-preview:large","max-video-preview":"max-video-preview:-1"},"canonical":"https:\/\/demos8.bitaminadigital.com\/fruehauf\/bolsa-de-trabajo\/","og_locale":"es_MX","og_type":"article","og_title":"Fruehauf, atenci\u00f3n al cliente en l\u00ednea y por tel\u00e9fono","og_description":"Comun\u00edcate con Fruehauf: formulario en l\u00ednea, tel\u00e9fonos 55 5898 7800 y 800 633 9117, o correo ventas@fruehauf.mx. \u00a1Esperamos tu mensaje!","og_url":"https:\/\/demos8.bitaminadigital.com\/fruehauf\/bolsa-de-trabajo\/","og_site_name":"Fruehauf","article_publisher":"https:\/\/www.facebook.com\/FruehaufdeMexico","article_modified_time":"2024-12-27T21:23:41+00:00","og_image":[{"width":378,"height":44,"url":"https:\/\/demos8.bitaminadigital.com\/fruehauf\/wp-content\/uploads\/2024\/11\/logo_fruehauf.webp","type":"image\/webp"}],"twitter_card":"summary_large_image","twitter_site":"@FRUEHAUFMEXICO","twitter_misc":{"Tiempo de lectura":"1 minuto"},"schema":{"@context":"https:\/\/schema.org","@graph":[{"@type":"WebPage","@id":"https:\/\/demos8.bitaminadigital.com\/fruehauf\/bolsa-de-trabajo\/","url":"https:\/\/demos8.bitaminadigital.com\/fruehauf\/bolsa-de-trabajo\/","name":"Fruehauf, atenci\u00f3n al cliente en l\u00ednea y por tel\u00e9fono","isPartOf":{"@id":"https:\/\/demos8.bitaminadigital.com\/fruehauf\/#website"},"datePublished":"2024-12-09T21:43:13+00:00","dateModified":"2024-12-27T21:23:41+00:00","description":"Comun\u00edcate con Fruehauf: formulario en l\u00ednea, tel\u00e9fonos 55 5898 7800 y 800 633 9117, o correo ventas@fruehauf.mx. \u00a1Esperamos tu mensaje!","breadcrumb":{"@id":"https:\/\/demos8.bitaminadigital.com\/fruehauf\/bolsa-de-trabajo\/#breadcrumb"},"inLanguage":"es","potentialAction":[{"@type":"ReadAction","target":["https:\/\/demos8.bitaminadigital.com\/fruehauf\/bolsa-de-trabajo\/"]}]},{"@type":"BreadcrumbList","@id":"https:\/\/demos8.bitaminadigital.com\/fruehauf\/bolsa-de-trabajo\/#breadcrumb","itemListElement":[{"@type":"ListItem","position":1,"name":"Inicio","item":"https:\/\/demos8.bitaminadigital.com\/fruehauf\/"},{"@type":"ListItem","position":2,"name":"Bolsa de trabajo"}]},{"@type":"WebSite","@id":"https:\/\/demos8.bitaminadigital.com\/fruehauf\/#website","url":"https:\/\/demos8.bitaminadigital.com\/fruehauf\/","name":"Fruehauf","description":"Dise\u00f1ado para durar","publisher":{"@id":"https:\/\/demos8.bitaminadigital.com\/fruehauf\/#organization"},"potentialAction":[{"@type":"SearchAction","target":{"@type":"EntryPoint","urlTemplate":"https:\/\/demos8.bitaminadigital.com\/fruehauf\/?s={search_term_string}"},"query-input":{"@type":"PropertyValueSpecification","valueRequired":true,"valueName":"search_term_string"}}],"inLanguage":"es"},{"@type":"Organization","@id":"https:\/\/demos8.bitaminadigital.com\/fruehauf\/#organization","name":"Fruehauf","url":"https:\/\/demos8.bitaminadigital.com\/fruehauf\/","logo":{"@type":"ImageObject","inLanguage":"es","@id":"https:\/\/demos8.bitaminadigital.com\/fruehauf\/#\/schema\/logo\/image\/","url":"https:\/\/demos8.bitaminadigital.com\/fruehauf\/wp-content\/uploads\/2024\/11\/logo_fruehauf.webp","contentUrl":"https:\/\/demos8.bitaminadigital.com\/fruehauf\/wp-content\/uploads\/2024\/11\/logo_fruehauf.webp","width":378,"height":44,"caption":"Fruehauf"},"image":{"@id":"https:\/\/demos8.bitaminadigital.com\/fruehauf\/#\/schema\/logo\/image\/"},"sameAs":["https:\/\/www.facebook.com\/FruehaufdeMexico","https:\/\/x.com\/FRUEHAUFMEXICO","https:\/\/www.instagram.com\/fruehaufdemexico\/","https:\/\/www.youtube.com\/@fruehaufmexico","https:\/\/www.linkedin.com\/company\/fruehauf-mxico\/"]}]}},"_links":{"self":[{"href":"https:\/\/demos8.bitaminadigital.com\/fruehauf\/wp-json\/wp\/v2\/pages\/549","targetHints":{"allow":["GET"]}}],"collection":[{"href":"https:\/\/demos8.bitaminadigital.com\/fruehauf\/wp-json\/wp\/v2\/pages"}],"about":[{"href":"https:\/\/demos8.bitaminadigital.com\/fruehauf\/wp-json\/wp\/v2\/types\/page"}],"author":[{"embeddable":true,"href":"https:\/\/demos8.bitaminadigital.com\/fruehauf\/wp-json\/wp\/v2\/users\/1"}],"replies":[{"embeddable":true,"href":"https:\/\/demos8.bitaminadigital.com\/fruehauf\/wp-json\/wp\/v2\/comments?post=549"}],"version-history":[{"count":13,"href":"https:\/\/demos8.bitaminadigital.com\/fruehauf\/wp-json\/wp\/v2\/pages\/549\/revisions"}],"predecessor-version":[{"id":1273,"href":"https:\/\/demos8.bitaminadigital.com\/fruehauf\/wp-json\/wp\/v2\/pages\/549\/revisions\/1273"}],"wp:attachment":[{"href":"https:\/\/demos8.bitaminadigital.com\/fruehauf\/wp-json\/wp\/v2\/media?parent=549"}],"curies":[{"name":"wp","href":"https:\/\/api.w.org\/{rel}","templated":true}]}}