{"id":469,"date":"2024-12-05T21:11:32","date_gmt":"2024-12-05T21:11:32","guid":{"rendered":"https:\/\/demos8.bitaminadigital.com\/fruehauf\/?page_id=469"},"modified":"2024-12-27T21:41:08","modified_gmt":"2024-12-27T21:41:08","slug":"aviso-de-privacidad","status":"publish","type":"page","link":"https:\/\/demos8.bitaminadigital.com\/fruehauf\/aviso-de-privacidad\/","title":{"rendered":"Aviso de Privacidad"},"content":{"rendered":"\t\t<div data-elementor-type=\"wp-page\" data-elementor-id=\"469\" class=\"elementor elementor-469\">\n\t\t\t\t<div class=\"elementor-element elementor-element-947ce91 e-flex e-con-boxed e-con e-parent\" data-id=\"947ce91\" data-element_type=\"container\">\n\t\t\t\t\t<div class=\"e-con-inner\">\n\t\t\t\t<div class=\"elementor-element elementor-element-8d84085 de_scroll_animation_no elementor-invisible elementor-widget elementor-widget-heading\" data-id=\"8d84085\" data-element_type=\"widget\" data-settings=\"{&quot;_animation&quot;:&quot;fadeInUp&quot;,&quot;_animation_delay&quot;:200}\" data-widget_type=\"heading.default\">\n\t\t\t\t<div class=\"elementor-widget-container\">\n\t\t\t<h2 class=\"elementor-heading-title elementor-size-default\">AVISO DE PRIVACIDAD<\/h2>\t\t<\/div>\n\t\t\t\t<\/div>\n\t\t\t\t\t<\/div>\n\t\t\t\t<\/div>\n\t\t<div class=\"elementor-element elementor-element-4a651ab e-flex e-con-boxed e-con e-parent\" data-id=\"4a651ab\" data-element_type=\"container\">\n\t\t\t\t\t<div class=\"e-con-inner\">\n\t\t\t\t<div class=\"elementor-element elementor-element-fbd219b de_scroll_animation_no elementor-widget elementor-widget-text-editor\" data-id=\"fbd219b\" data-element_type=\"widget\" data-widget_type=\"text-editor.default\">\n\t\t\t\t<div class=\"elementor-widget-container\">\n\t\t\t\t\t\t\t<p>El presente Aviso de Privacidad ha sido elaborado de conformidad con la Ley Federal de Protecci\u00f3n de Datos Personales en Posesi\u00f3n de los Particulares, su Reglamento y dem\u00e1s Lineamientos del Aviso de Privacidad (en lo sucesivo la \u201cLey\u201d). .Este Aviso de Privacidad forma parte integral del sitio web (<a href=\"http:\/\/www.fruehauf.mx\/\">www.fruehauf.mx<\/a>) (en lo sucesivo el \u201cSitio\u201d).<\/p><p>FRUEHAUF DE M\u00c9XICO, una sociedad mercantil mexicana, con domicilio en V\u00eda Jos\u00e9 L\u00f3pez Portillo 131, Colonia La Magdalena, Coacalco, Estado de M\u00e9xico, C.P. 55700 y con n\u00famero de tel\u00e9fono<\/p><p>(55) 58.98.78.00, seremos los responsable de recabar los datos personales que usted nos proporcione (en lo sucesivo el \u201cTitular\u201d o \u201cUsted\u201d), as\u00ed como del uso que se le d\u00e9 a los mismos y de su protecci\u00f3n.<\/p><p>Una de las principales prioridades de FRUEHAUF DE M\u00c9XICO es respetar la privacidad de sus clientes, clientes potenciales, as\u00ed como de cualquier persona que tenga acceso al Sitio, as\u00ed como de, mantener segura la informaci\u00f3n y los datos personales que recaba. El prop\u00f3sito de este Aviso es que FRUEHAUF DE M\u00c9XICO informe a sus clientes o usuarios qu\u00e9 tipo de datos recolecta, c\u00f3mo los almacena, la finalidad del archivo, c\u00f3mo los protege, el alcance de su compromiso de confidencialidad y los derechos del titular de los datos, en general el informar al Cliente respecto de las pr\u00e1cticas de privacidad que FRUEHAUF emplea con los datos personales que recaba.<\/p><h4><strong>DATOS PERSONALES<\/strong><\/h4><p>Para las finalidades se\u00f1aladas en el presente aviso de privacidad, podemos recabar sus datos personales cuando usted nos los proporcione directamente a trav\u00e9s de un mostrador, un ejecutivo de cuenta, una encuesta personal, al visitar nuestro sitio de Internet o mediante la utilizaci\u00f3n de nuestros servicios en l\u00ednea. Los datos personales que lleguemos a recabar de usted son tomados bajo los principios de consentimiento, informaci\u00f3n, calidad, finalidad, lealtad, proporcionalidad y responsabilidad en cumplimiento con lo establecido con la Ley (en lo sucesivo los \u201cDatos Personales\u201d).<\/p><p><u>Datos personales sensibles<\/u><\/p><p>En la informaci\u00f3n que requerimos para la facturaci\u00f3n y entrega de nuestros servicios profesionales, ya sea por medios propios, de subsidiarias y\/o por mensajer\u00eda, no figuran sus datos personales sensibles.<\/p><p>En FRUEHAUF DE M\u00c9XICO, los Datos Personales que son recabados as\u00ed como aquella la informaci\u00f3n que se solicita es distinta y se almacena en bases de datos separadas. La informaci\u00f3n deber\u00e1 ser veraz y completa. El cliente o usuario responder\u00e1 en todo momento por los datos proporcionados y en ning\u00fan caso FRUEHAUF DE M\u00c9XICO ser\u00e1 responsable de la veracidad de los mismos. La informaci\u00f3n respecto de sus Datos Personales y\/o datos profesionales. Los Datos Personales que podr\u00e1n ser recabados por parte de Fruehauf de M\u00e9xico podr\u00e1n ser: (i) Nombre completo del Titular; (ii) tel\u00e9fono (celular u oficina); y (iii) correo electr\u00f3nico (personal o trabajo). <strong>COOKIES Y C\u00d3MO SE UTILIZAN<\/strong><\/p><p>En ocasiones este sitio podr\u00eda hace uso de cookies, las cuales son peque\u00f1os archivos de datos que se generan en su computadora, pudiendo enviar informaci\u00f3n t\u00e9cnica sin proporcionar referencias que permitan deducir datos personales de este.<\/p><p>Los <em>cookies <\/em>son peque\u00f1as partes de informaci\u00f3n almacenada por su navegador en el disco duro de su computadora, a solicitud del sitio web. Los cookies de nuestros sitios de internet, no contienen ninguna informaci\u00f3n personal pero son utilizados principalmente para rastrear informaci\u00f3n temporal como lo puede ser el rastreo de los contenidos que usted carga y descarga.<\/p><p>Usted podr\u00e1 configurar su navegador para que notifique y rechace la instalaci\u00f3n de las cookies enviadas por este sitio, sin que ello perjudique la posibilidad de acceder a los contenidos. Sin embargo, no nos responsabilizamos de que la desactivaci\u00f3n de los mismos impida el buen funcionamiento del Sitio.<\/p><p>El uso de <em>cookies <\/em>permite que nuestro sitio web recuerde informaci\u00f3n que usted llego a ingresar en el mismo aun cuando en nuestro sitio se requiera o no de membres\u00eda; la informaci\u00f3n que puede ser recabada a trav\u00e9s de cookies y la finalidad de las mismas son recordar su pa\u00eds y preferencias de idioma, ayudarnos a entender el tama\u00f1o de nuestra audiencia y patrones de tr\u00e1fico, recolectar y grabar informaci\u00f3n acerca de lo que usted vio en nuestro sitio Web, administrar y presentar informaci\u00f3n del sitio y las fotograf\u00edas desplegadas en su computadora y entregarle informaci\u00f3n espec\u00edfica a sus intereses.<\/p><h4><strong>FINALIDAD DE RECABAR LOS DATOS PERSONALES<\/strong><\/h4><p>Los Datos Personales que sean solicitados, ser\u00e1n utilizados para proveer los servicios y productos solicitados a trav\u00e9s del Sitio, as\u00ed como, para informarle sobre cualquier tipo de cambio en los mismos y que usted puede evaluar la calidad del servicio que le brindamos. As\u00ed mismo, los Datos Personales recabados permiten a FRUEHAUF DE M\u00c9XICO contar con todos los elementos suficientes para cotizar los servicios solicitados y contactar, de ser necesario, a los clientes o usuarios cuando sea necesario para completar los procedimientos de venta y prestaci\u00f3n de servicios. As\u00ed mismo y adicional a lo establecido en el presente apartado, la finalidad de recabar sus Datos Personales por parte de FRUEHAUF DE M\u00c9XICO son los siguientes: (i) Procurar un servicio eficiente; (ii) Informar sobre productos actuales, nuevos productos o servicios, atendiendo a los intereses del cliente, as\u00ed como de cambios o modificaciones en los productos y servicios que ofrecemos; (iii) Proveer una mejor atenci\u00f3n al cliente o usuario; y (iv) en caso de que el servicio haya sido solicitado por el usuario y\/o cliente, \u00e9l envi\u00f3 de newsletters, mails o cualquier otro mensaje a trav\u00e9s de tel\u00e9fono celular, Facebook, Instagram, Twitter.<\/p><h4><strong>PROTECCI\u00d3N.<\/strong><\/h4><p>FRUEHAUF DE M\u00c9XICO cumple con medidas de seguridad tecnol\u00f3gicas, f\u00edsicas y administrativas para proteger sus datos personales y procurar\u00e1 instalar aquellos otros medios y medidas t\u00e9cnicas adicionales a su alcance para garantizar la integridad, confidencialidad, disponibilidad y buen uso de sus Datos Personales, previniendo su p\u00e9rdida, transmisi\u00f3n y acceso no autorizado. No obstante lo anterior, y debido a que las medidas de seguridad pueden ser susceptibles de<\/p><p>violaciones por cuestiones ajenas al control que tiene FRUEHAUF DE M\u00c9XICO, FRUEHAUF DE M\u00c9XICO se compromete a informarle a Usted en caso de que existan vulneraciones a nuestras medidas de seguridad, a fin de que Usted pueda tomar las medidas correspondientes para la defensa de sus derechos.<\/p><h4><strong>LIMITACI\u00d3N DE USO Y DIVULGACI\u00d3N DE INFORMACI\u00d3N.<\/strong><\/h4><p>En nuestro programa de notificaci\u00f3n de ofertas y servicios a trav\u00e9s de correo electr\u00f3nico, s\u00f3lo FRUEHAUF DE M\u00c9XICO tiene acceso a la informaci\u00f3n que haya recabado a trav\u00e9s del Sitio. Este tipo de publicidad se realiza mediante avisos y mensajes promocionales de correo electr\u00f3nico, los cuales s\u00f3lo ser\u00e1n enviados a usted y a aquellos contactos registrados para tal prop\u00f3sito, esta indicaci\u00f3n podr\u00e1 usted modificarla en cualquier momento.<\/p><p>Si usted desea dejar de recibir mensajes promocionales de nuestra parte puede solicitarlo a trav\u00e9s de un aviso en dicho sentido a nuestro departamento de datos personales en el domicilio mencionado al inicio del presente Aviso o mediante solicitud enviada a: <a href=\"mailto:servicioalcliente@fruehauf.mx\">servicioalcliente@fruehauf.mx<\/a><\/p><h4><strong>DERECHOS ARCO (ACCESO, RECTIFICACI\u00d3N, CANCELACI\u00d3N Y OPOSICI\u00d3N)<\/strong><\/h4><p>Usted, como Titular podr\u00e1 en cualquier momento, manifestar su negativa para el tratamiento de sus Datos Personales para cualquier finalidad no necesaria para cumplir con la relaci\u00f3n jur\u00eddica que lo une con FRUEHAUF, o en cualquier momento, revocar el consentimiento que nos ha otorgado para el tratamiento de sus Datos Personales, limitar el uso o divulgaci\u00f3n de los mismos, as\u00ed como ejercer sus derechos de acceso, rectificaci\u00f3n, cancelaci\u00f3n y oposici\u00f3n (derechos ARCO).<\/p><p>De acuerdo a lo establecido en el p\u00e1rrafo que antecede, Usted deber\u00e1 contactar al \u00e1rea de ventas trav\u00e9s del correo electr\u00f3nico <a href=\"mailto:servicioalcliente@fruehauf.mx\">servicioalcliente@fruehauf.mx<\/a> o a trav\u00e9s de los tel\u00e9fonos 55.58.98.78.00 y 01.800.633.9117quien ha sido designado espec\u00edficamente por FRUEHAUF como responsable de la Protecci\u00f3n de Datos Personales y quienes ser\u00e1n los encargados de proporcionar la orientaci\u00f3n correspondiente para atender dicha solicitud. La solicitud de acceso, rectificaci\u00f3n, cancelaci\u00f3n u oposici\u00f3n deber\u00e1 contener y acompa\u00f1ar la siguiente informaci\u00f3n:<\/p><p>Usted tiene derecho de acceder para rectificar y cancelar sus datos personales, as\u00ed como de oponerse al tratamiento de los mismos o revocar el consentimiento que para tal fin nos haya otorgado, mediante solicitud enviada a: (i) el nombre y domicilio o correo electr\u00f3nico del Titular;<\/p><p>(ii) los documentos que acrediten la identidad del Titular, (i.e. credencial de elector o pasaporte);<\/p><p>(iii) la descripci\u00f3n clara y precisa de los datos personales respecto de los que el Titular busca ejercer alguno de los derechos ARCO; (iv) especificar claramente si la solicitud es de acceso, rectificaci\u00f3n, cancelaci\u00f3n u oposici\u00f3n; (v) el motivo de la solicitud; y (vi) las modificaciones a realizarse en caso de que la solicitud sea para la rectificaci\u00f3n de datos personales.<\/p><p>Una vez realizada la solicitud, FRUEHUAF DE M\u00c9XICO le comunicar\u00e1, en un plazo m\u00e1ximo de 20 (veinte) d\u00edas naturales, contados a partir de la fecha en que haya recibido la solicitud, la determinaci\u00f3n adoptada y, en caso de que la misma resulte procedente, se har\u00e1 efectiva dentro de los 15 (quince) d\u00edas naturales siguientes a la fecha en que se comunique su procedencia. Lo<\/p><p>anterior en el entendido que, los plazos antes referidos podr\u00e1n ser ampliados en una ocasi\u00f3n, cuando las particularidades del caso as\u00ed lo ameriten a juicio de FRUEHAUF.<\/p><h4><strong>TRANSFERENCIAS DE INFORMACI\u00d3N CON TERCEROS<\/strong><\/h4><p>Por ning\u00fan motivo y sin su previa autorizaci\u00f3n, se proporcionar\u00e1 su informaci\u00f3n personal a terceras personas.<\/p><p>El Sitio de FRUEHAUF DE M\u00c9XICO puede contener enlaces hacia p\u00e1ginas, productos y servicios de terceros. La informaci\u00f3n recopilada por terceros, entre la que se incluye datos de localizaci\u00f3n o de contacto, est\u00e1 regulada por sus respectivas pol\u00edticas de privacidad.<\/p><p>El Sitio contendr\u00e1 links de sitios web ajenos a FRUEHAUF propiedad de terceros, los cuales han sido colocados para facilitarle a usted una mayor comodidad y, la inclusi\u00f3n de cualquier link en el Sitio no implica la aceptaci\u00f3n y respaldo por parte de FRUEHAUF DE M\u00c9XICO respecto del contenido de dicho sitio web, ni representan ning\u00fan tipo de relaci\u00f3n entre FRUEHAUF DE M\u00c9XICO y el titular de dicho sitio web. Cualquier link ubicado en nuestro Sitio que lo redirija a otro sitio web, no queda bajo el control de FRUEHAUF DE M\u00c9XICO y no nos responsabilizamos de su contenido, as\u00ed como, de la informaci\u00f3n o datos personales que Usted proporcione en el mismo.<\/p><h4><strong>CAMBIOS EN EL AVISO DE PRIVACIDAD<\/strong><\/h4><p>FRUEHAUF DE M\u00c9XICO modificar\u00e1, sin previo aviso, la presente pol\u00edtica de privacidad siempre que sea necesario para adecuar la misma a cualquier cambio legislativo, reglamentario, jurisprudencial, administrativo o con cualquier objeto leg\u00edtimo para la marca.<\/p><p>No obstante lo anterior, cualquier modificaci\u00f3n que se realice al presente Aviso de Privacidad, ser\u00e1 publicada y advertida en la p\u00e1gina Web Internet <a href=\"http:\/\/www.fruehauf.mx\/\">www.fruehauf.mx,<\/a> secci\u00f3n Aviso de Privacidad.<\/p><p>Por todo lo anterior, FRUEHAUF DE M\u00c9XICO recomienda a los usuarios la lectura peri\u00f3dica de estas pol\u00edticas con el fin de poder conocer los cambios que en las mismas se efect\u00faen.<\/p><h4><strong>ACEPTACI\u00d3N DE LOS T\u00c9RMINOS<\/strong><\/h4><p>El presente Aviso de Privacidad est\u00e1 sujeto a los t\u00e9rminos y condiciones de todos los sitios web de FRUEHAUF DE M\u00c9XICO, lo cual constituye un acuerdo legal entre el cliente o usuario y FRUEHAUF DE M\u00c9XICO. Si el cliente o usuario utiliza los servicios en cualquiera de los sitios de FRUEHAUF DE M\u00c9XICO, significa que ha le\u00eddo, entendido y acordado los t\u00e9rminos antes expuestos. Si no est\u00e1 de acuerdo con ellos, el cliente o usuario no deber\u00e1 proporcionar ninguna informaci\u00f3n personal o profesional, ni utilizar los servicios de los sitios de FRUEHAUF DE M\u00c9XICO.<\/p><p>Si usted tiene preguntas o dudas acerca del tratamiento de sus Datos Personales de acuerdo a lo establecido en el presente Aviso de Privacidad, respecto a su privacidad al momento de usar el o los servicios de FRUEHAUF DE MEXICO, por favor cont\u00e1ctenos a trav\u00e9s del correo electr\u00f3nico <a href=\"mailto:servicioalcliente@fruehauf.mx\">servicioalcliente@fruehauf.mx,<\/a> o escr\u00edbanos al siguiente domicilio: V\u00eda Jos\u00e9 L\u00f3pez Portillo 131 Colonia La Magdalena Coacalco, Estado de M\u00e9xico C.P. 55700 Tel\u00e9fono: (55) 5898-7800.<\/p><p>El \u00e1rea responsable de atender asuntos relacionados con el manejo de datos personales trabajar\u00e1 con usted para resolver cualquier duda que tenga acerca de este Aviso de Privacidad.<\/p><h4><strong>FECHA DE LA \u00daLTIMA ACTUALIZACI\u00d3N.<\/strong><\/h4><p>Estimado cliente o usuario, se le notifica que el Aviso de Privacidad ha sido modificado el d\u00eda 31 De agosto de 2016.<\/p>\t\t\t\t\t\t<\/div>\n\t\t\t\t<\/div>\n\t\t\t\t\t<\/div>\n\t\t\t\t<\/div>\n\t\t\t\t<\/div>\n\t\t","protected":false},"excerpt":{"rendered":"<p>AVISO DE PRIVACIDAD El presente Aviso de Privacidad ha sido elaborado de conformidad con la Ley Federal de Protecci\u00f3n de Datos Personales en Posesi\u00f3n de los Particulares, su Reglamento y dem\u00e1s Lineamientos del Aviso de Privacidad (en lo sucesivo la \u201cLey\u201d). .Este Aviso de Privacidad forma parte integral del sitio web (www.fruehauf.mx) (en lo sucesivo [&hellip;]<\/p>\n","protected":false},"author":2,"featured_media":0,"parent":0,"menu_order":0,"comment_status":"closed","ping_status":"closed","template":"","meta":{"footnotes":""},"class_list":["post-469","page","type-page","status-publish","hentry"],"yoast_head":"<!-- This site is optimized with the Yoast SEO plugin v24.1 - https:\/\/yoast.com\/wordpress\/plugins\/seo\/ -->\n<title>Aviso de privacidad Fruehauf<\/title>\n<meta name=\"description\" content=\"Aviso de privacidad Fruehauf\" \/>\n<meta name=\"robots\" content=\"index, follow, max-snippet:-1, max-image-preview:large, max-video-preview:-1\" \/>\n<link rel=\"canonical\" href=\"https:\/\/demos8.bitaminadigital.com\/fruehauf\/aviso-de-privacidad\/\" \/>\n<meta property=\"og:locale\" content=\"es_MX\" \/>\n<meta property=\"og:type\" content=\"article\" \/>\n<meta property=\"og:title\" content=\"Aviso de privacidad Fruehauf\" \/>\n<meta property=\"og:description\" content=\"Aviso de privacidad Fruehauf\" \/>\n<meta property=\"og:url\" content=\"https:\/\/demos8.bitaminadigital.com\/fruehauf\/aviso-de-privacidad\/\" \/>\n<meta property=\"og:site_name\" content=\"Fruehauf\" \/>\n<meta property=\"article:publisher\" content=\"https:\/\/www.facebook.com\/FruehaufdeMexico\" \/>\n<meta property=\"article:modified_time\" content=\"2024-12-27T21:41:08+00:00\" \/>\n<meta property=\"og:image\" content=\"https:\/\/demos8.bitaminadigital.com\/fruehauf\/wp-content\/uploads\/2024\/11\/logo_fruehauf.webp\" \/>\n\t<meta property=\"og:image:width\" content=\"378\" \/>\n\t<meta property=\"og:image:height\" content=\"44\" \/>\n\t<meta property=\"og:image:type\" content=\"image\/webp\" \/>\n<meta name=\"twitter:card\" content=\"summary_large_image\" \/>\n<meta name=\"twitter:site\" content=\"@FRUEHAUFMEXICO\" \/>\n<meta name=\"twitter:label1\" content=\"Tiempo de lectura\" \/>\n\t<meta name=\"twitter:data1\" content=\"10 minutos\" \/>\n<script type=\"application\/ld+json\" class=\"yoast-schema-graph\">{\"@context\":\"https:\/\/schema.org\",\"@graph\":[{\"@type\":\"WebPage\",\"@id\":\"https:\/\/demos8.bitaminadigital.com\/fruehauf\/aviso-de-privacidad\/\",\"url\":\"https:\/\/demos8.bitaminadigital.com\/fruehauf\/aviso-de-privacidad\/\",\"name\":\"Aviso de privacidad Fruehauf\",\"isPartOf\":{\"@id\":\"https:\/\/demos8.bitaminadigital.com\/fruehauf\/#website\"},\"datePublished\":\"2024-12-05T21:11:32+00:00\",\"dateModified\":\"2024-12-27T21:41:08+00:00\",\"description\":\"Aviso de privacidad Fruehauf\",\"breadcrumb\":{\"@id\":\"https:\/\/demos8.bitaminadigital.com\/fruehauf\/aviso-de-privacidad\/#breadcrumb\"},\"inLanguage\":\"es\",\"potentialAction\":[{\"@type\":\"ReadAction\",\"target\":[\"https:\/\/demos8.bitaminadigital.com\/fruehauf\/aviso-de-privacidad\/\"]}]},{\"@type\":\"BreadcrumbList\",\"@id\":\"https:\/\/demos8.bitaminadigital.com\/fruehauf\/aviso-de-privacidad\/#breadcrumb\",\"itemListElement\":[{\"@type\":\"ListItem\",\"position\":1,\"name\":\"Inicio\",\"item\":\"https:\/\/demos8.bitaminadigital.com\/fruehauf\/\"},{\"@type\":\"ListItem\",\"position\":2,\"name\":\"Aviso de Privacidad\"}]},{\"@type\":\"WebSite\",\"@id\":\"https:\/\/demos8.bitaminadigital.com\/fruehauf\/#website\",\"url\":\"https:\/\/demos8.bitaminadigital.com\/fruehauf\/\",\"name\":\"Fruehauf\",\"description\":\"Dise\u00f1ado para durar\",\"publisher\":{\"@id\":\"https:\/\/demos8.bitaminadigital.com\/fruehauf\/#organization\"},\"potentialAction\":[{\"@type\":\"SearchAction\",\"target\":{\"@type\":\"EntryPoint\",\"urlTemplate\":\"https:\/\/demos8.bitaminadigital.com\/fruehauf\/?s={search_term_string}\"},\"query-input\":{\"@type\":\"PropertyValueSpecification\",\"valueRequired\":true,\"valueName\":\"search_term_string\"}}],\"inLanguage\":\"es\"},{\"@type\":\"Organization\",\"@id\":\"https:\/\/demos8.bitaminadigital.com\/fruehauf\/#organization\",\"name\":\"Fruehauf\",\"url\":\"https:\/\/demos8.bitaminadigital.com\/fruehauf\/\",\"logo\":{\"@type\":\"ImageObject\",\"inLanguage\":\"es\",\"@id\":\"https:\/\/demos8.bitaminadigital.com\/fruehauf\/#\/schema\/logo\/image\/\",\"url\":\"https:\/\/demos8.bitaminadigital.com\/fruehauf\/wp-content\/uploads\/2024\/11\/logo_fruehauf.webp\",\"contentUrl\":\"https:\/\/demos8.bitaminadigital.com\/fruehauf\/wp-content\/uploads\/2024\/11\/logo_fruehauf.webp\",\"width\":378,\"height\":44,\"caption\":\"Fruehauf\"},\"image\":{\"@id\":\"https:\/\/demos8.bitaminadigital.com\/fruehauf\/#\/schema\/logo\/image\/\"},\"sameAs\":[\"https:\/\/www.facebook.com\/FruehaufdeMexico\",\"https:\/\/x.com\/FRUEHAUFMEXICO\",\"https:\/\/www.instagram.com\/fruehaufdemexico\/\",\"https:\/\/www.youtube.com\/@fruehaufmexico\",\"https:\/\/www.linkedin.com\/company\/fruehauf-mxico\/\"]}]}<\/script>\n<!-- \/ Yoast SEO plugin. -->","yoast_head_json":{"title":"Aviso de privacidad Fruehauf","description":"Aviso de privacidad Fruehauf","robots":{"index":"index","follow":"follow","max-snippet":"max-snippet:-1","max-image-preview":"max-image-preview:large","max-video-preview":"max-video-preview:-1"},"canonical":"https:\/\/demos8.bitaminadigital.com\/fruehauf\/aviso-de-privacidad\/","og_locale":"es_MX","og_type":"article","og_title":"Aviso de privacidad Fruehauf","og_description":"Aviso de privacidad Fruehauf","og_url":"https:\/\/demos8.bitaminadigital.com\/fruehauf\/aviso-de-privacidad\/","og_site_name":"Fruehauf","article_publisher":"https:\/\/www.facebook.com\/FruehaufdeMexico","article_modified_time":"2024-12-27T21:41:08+00:00","og_image":[{"width":378,"height":44,"url":"https:\/\/demos8.bitaminadigital.com\/fruehauf\/wp-content\/uploads\/2024\/11\/logo_fruehauf.webp","type":"image\/webp"}],"twitter_card":"summary_large_image","twitter_site":"@FRUEHAUFMEXICO","twitter_misc":{"Tiempo de lectura":"10 minutos"},"schema":{"@context":"https:\/\/schema.org","@graph":[{"@type":"WebPage","@id":"https:\/\/demos8.bitaminadigital.com\/fruehauf\/aviso-de-privacidad\/","url":"https:\/\/demos8.bitaminadigital.com\/fruehauf\/aviso-de-privacidad\/","name":"Aviso de privacidad Fruehauf","isPartOf":{"@id":"https:\/\/demos8.bitaminadigital.com\/fruehauf\/#website"},"datePublished":"2024-12-05T21:11:32+00:00","dateModified":"2024-12-27T21:41:08+00:00","description":"Aviso de privacidad Fruehauf","breadcrumb":{"@id":"https:\/\/demos8.bitaminadigital.com\/fruehauf\/aviso-de-privacidad\/#breadcrumb"},"inLanguage":"es","potentialAction":[{"@type":"ReadAction","target":["https:\/\/demos8.bitaminadigital.com\/fruehauf\/aviso-de-privacidad\/"]}]},{"@type":"BreadcrumbList","@id":"https:\/\/demos8.bitaminadigital.com\/fruehauf\/aviso-de-privacidad\/#breadcrumb","itemListElement":[{"@type":"ListItem","position":1,"name":"Inicio","item":"https:\/\/demos8.bitaminadigital.com\/fruehauf\/"},{"@type":"ListItem","position":2,"name":"Aviso de Privacidad"}]},{"@type":"WebSite","@id":"https:\/\/demos8.bitaminadigital.com\/fruehauf\/#website","url":"https:\/\/demos8.bitaminadigital.com\/fruehauf\/","name":"Fruehauf","description":"Dise\u00f1ado para durar","publisher":{"@id":"https:\/\/demos8.bitaminadigital.com\/fruehauf\/#organization"},"potentialAction":[{"@type":"SearchAction","target":{"@type":"EntryPoint","urlTemplate":"https:\/\/demos8.bitaminadigital.com\/fruehauf\/?s={search_term_string}"},"query-input":{"@type":"PropertyValueSpecification","valueRequired":true,"valueName":"search_term_string"}}],"inLanguage":"es"},{"@type":"Organization","@id":"https:\/\/demos8.bitaminadigital.com\/fruehauf\/#organization","name":"Fruehauf","url":"https:\/\/demos8.bitaminadigital.com\/fruehauf\/","logo":{"@type":"ImageObject","inLanguage":"es","@id":"https:\/\/demos8.bitaminadigital.com\/fruehauf\/#\/schema\/logo\/image\/","url":"https:\/\/demos8.bitaminadigital.com\/fruehauf\/wp-content\/uploads\/2024\/11\/logo_fruehauf.webp","contentUrl":"https:\/\/demos8.bitaminadigital.com\/fruehauf\/wp-content\/uploads\/2024\/11\/logo_fruehauf.webp","width":378,"height":44,"caption":"Fruehauf"},"image":{"@id":"https:\/\/demos8.bitaminadigital.com\/fruehauf\/#\/schema\/logo\/image\/"},"sameAs":["https:\/\/www.facebook.com\/FruehaufdeMexico","https:\/\/x.com\/FRUEHAUFMEXICO","https:\/\/www.instagram.com\/fruehaufdemexico\/","https:\/\/www.youtube.com\/@fruehaufmexico","https:\/\/www.linkedin.com\/company\/fruehauf-mxico\/"]}]}},"_links":{"self":[{"href":"https:\/\/demos8.bitaminadigital.com\/fruehauf\/wp-json\/wp\/v2\/pages\/469","targetHints":{"allow":["GET"]}}],"collection":[{"href":"https:\/\/demos8.bitaminadigital.com\/fruehauf\/wp-json\/wp\/v2\/pages"}],"about":[{"href":"https:\/\/demos8.bitaminadigital.com\/fruehauf\/wp-json\/wp\/v2\/types\/page"}],"author":[{"embeddable":true,"href":"https:\/\/demos8.bitaminadigital.com\/fruehauf\/wp-json\/wp\/v2\/users\/2"}],"replies":[{"embeddable":true,"href":"https:\/\/demos8.bitaminadigital.com\/fruehauf\/wp-json\/wp\/v2\/comments?post=469"}],"version-history":[{"count":7,"href":"https:\/\/demos8.bitaminadigital.com\/fruehauf\/wp-json\/wp\/v2\/pages\/469\/revisions"}],"predecessor-version":[{"id":1301,"href":"https:\/\/demos8.bitaminadigital.com\/fruehauf\/wp-json\/wp\/v2\/pages\/469\/revisions\/1301"}],"wp:attachment":[{"href":"https:\/\/demos8.bitaminadigital.com\/fruehauf\/wp-json\/wp\/v2\/media?parent=469"}],"curies":[{"name":"wp","href":"https:\/\/api.w.org\/{rel}","templated":true}]}}