{"id":156,"date":"2024-11-29T09:04:02","date_gmt":"2024-11-29T09:04:02","guid":{"rendered":"https:\/\/demos8.bitaminadigital.com\/fruehauf\/?page_id=156"},"modified":"2024-12-27T21:24:19","modified_gmt":"2024-12-27T21:24:19","slug":"contactanos","status":"publish","type":"page","link":"https:\/\/demos8.bitaminadigital.com\/fruehauf\/contactanos\/","title":{"rendered":"Cont\u00e1ctanos"},"content":{"rendered":"\t\t<div data-elementor-type=\"wp-page\" data-elementor-id=\"156\" class=\"elementor elementor-156\">\n\t\t\t\t<div class=\"elementor-element elementor-element-1a89fac e-flex e-con-boxed e-con e-parent\" data-id=\"1a89fac\" data-element_type=\"container\" data-settings=\"{&quot;background_background&quot;:&quot;classic&quot;}\">\n\t\t\t\t\t<div class=\"e-con-inner\">\n\t\t\t\t<div class=\"elementor-element elementor-element-07f6559 de_scroll_animation_no elementor-widget elementor-widget-heading\" data-id=\"07f6559\" data-element_type=\"widget\" data-widget_type=\"heading.default\">\n\t\t\t\t<div class=\"elementor-widget-container\">\n\t\t\t<h1 class=\"elementor-heading-title elementor-size-default\">CONT\u00c1CTANOS<\/h1>\t\t<\/div>\n\t\t\t\t<\/div>\n\t\t\t\t<div class=\"elementor-element elementor-element-28bc65d de_scroll_animation_no elementor-widget elementor-widget-spacer\" data-id=\"28bc65d\" data-element_type=\"widget\" data-widget_type=\"spacer.default\">\n\t\t\t\t<div class=\"elementor-widget-container\">\n\t\t\t\t\t<div class=\"elementor-spacer\">\n\t\t\t<div class=\"elementor-spacer-inner\"><\/div>\n\t\t<\/div>\n\t\t\t\t<\/div>\n\t\t\t\t<\/div>\n\t\t\t\t<div class=\"elementor-element elementor-element-99accce elementor-widget__width-initial de_scroll_animation_no elementor-widget elementor-widget-shortcode\" data-id=\"99accce\" data-element_type=\"widget\" data-widget_type=\"shortcode.default\">\n\t\t\t\t<div class=\"elementor-widget-container\">\n\t\t\t\t\t<div class=\"elementor-shortcode\">\n<div class=\"wpcf7 no-js\" id=\"wpcf7-f1076-o1\" lang=\"es-MX\" dir=\"ltr\" data-wpcf7-id=\"1076\">\n<div class=\"screen-reader-response\"><p role=\"status\" aria-live=\"polite\" aria-atomic=\"true\"><\/p> <ul><\/ul><\/div>\n<form action=\"\/fruehauf\/wp-json\/wp\/v2\/pages\/156#wpcf7-f1076-o1\" method=\"post\" class=\"wpcf7-form init\" aria-label=\"Formulario de contacto\" novalidate=\"novalidate\" data-status=\"init\">\n<div style=\"display: none;\">\n<input type=\"hidden\" name=\"_wpcf7\" value=\"1076\" \/>\n<input type=\"hidden\" name=\"_wpcf7_version\" value=\"6.0.2\" \/>\n<input type=\"hidden\" name=\"_wpcf7_locale\" value=\"es_MX\" \/>\n<input type=\"hidden\" name=\"_wpcf7_unit_tag\" value=\"wpcf7-f1076-o1\" \/>\n<input type=\"hidden\" name=\"_wpcf7_container_post\" value=\"0\" \/>\n<input type=\"hidden\" name=\"_wpcf7_posted_data_hash\" value=\"\" \/>\n<\/div>\n<div style=\"font-family:'Museo Sans 500', Sans-serif; font-weight:100;\">\n\t<div>\n\t\t<p><strong>\u00bfCu\u00e1l es el motivo por el que nos contacta? <span style=\"color:crimson;\">*<\/span><\/strong><br \/>\n<span style=\"display:inline-block; width:100%; margin-top:.25rem;\"><span class=\"wpcf7-form-control-wrap\" data-name=\"motivo\"><select class=\"wpcf7-form-control wpcf7-select wpcf7-validates-as-required\" aria-required=\"true\" aria-invalid=\"false\" name=\"motivo\"><option value=\"\">- Por favor, seleccione una opci\u00f3n -<\/option><option value=\"Cotizaciones de equipo\">Cotizaciones de equipo<\/option><option value=\"Refacciones\">Refacciones<\/option><option value=\"Servicio\">Servicio<\/option><option value=\"Quiero ser proveedor\">Quiero ser proveedor<\/option><option value=\"Atenci\u00f3n en general\">Atenci\u00f3n en general<\/option><\/select><\/span><\/span>\n\t\t<\/p>\n\t<\/div>\n\t<div>\n\t\t<p><strong>Nombre <span style=\"color:crimson;\">*<\/span><\/strong><br \/>\n<span style=\"display:inline-block; width:100%; margin-top:.25rem;\"><span class=\"wpcf7-form-control-wrap\" data-name=\"nombre\"><input size=\"40\" maxlength=\"400\" class=\"wpcf7-form-control wpcf7-text wpcf7-validates-as-required\" autocomplete=\"name\" aria-required=\"true\" aria-invalid=\"false\" value=\"\" type=\"text\" name=\"nombre\" \/><\/span><\/span>\n\t\t<\/p>\n\t<\/div>\n\t<div>\n\t\t<p><strong>Empresa <span style=\"color:crimson;\">*<\/span><\/strong><br \/>\n<span style=\"display:inline-block; width:100%; margin-top:.25rem;\"><span class=\"wpcf7-form-control-wrap\" data-name=\"empresa\"><input size=\"40\" maxlength=\"400\" class=\"wpcf7-form-control wpcf7-text wpcf7-validates-as-required\" aria-required=\"true\" aria-invalid=\"false\" value=\"\" type=\"text\" name=\"empresa\" \/><\/span><\/span>\n\t\t<\/p>\n\t<\/div>\n\t<div>\n\t\t<p><strong>Tel\u00e9fono <span style=\"color:crimson;\">*<\/span><\/strong><br \/>\n<span style=\"display:inline-block; width:100%; margin-top:.25rem;\"><span class=\"wpcf7-form-control-wrap\" data-name=\"telefono\"><input size=\"40\" maxlength=\"400\" class=\"wpcf7-form-control wpcf7-tel wpcf7-validates-as-required wpcf7-text wpcf7-validates-as-tel\" aria-required=\"true\" aria-invalid=\"false\" value=\"\" type=\"tel\" name=\"telefono\" \/><\/span><\/span>\n\t\t<\/p>\n\t<\/div>\n\t<div>\n\t\t<p><strong>Email <span style=\"color:crimson;\">*<\/span><\/strong><br \/>\n<span style=\"display:inline-block; width:100%; margin-top:.25rem;\"><span class=\"wpcf7-form-control-wrap\" data-name=\"correo\"><input size=\"40\" maxlength=\"400\" class=\"wpcf7-form-control wpcf7-email wpcf7-validates-as-required wpcf7-text wpcf7-validates-as-email\" autocomplete=\"email\" aria-required=\"true\" aria-invalid=\"false\" value=\"\" type=\"email\" name=\"correo\" \/><\/span><\/span>\n\t\t<\/p>\n\t<\/div>\n\t<div>\n\t\t<p><strong>Producto requerido <span style=\"color:crimson;\">*<\/span><\/strong><br \/>\n<span style=\"display:inline-block; width:100%; margin-top:.25rem;\"><span class=\"wpcf7-form-control-wrap\" data-name=\"producto\"><input size=\"40\" maxlength=\"400\" class=\"wpcf7-form-control wpcf7-text wpcf7-validates-as-required\" aria-required=\"true\" aria-invalid=\"false\" value=\"\" type=\"text\" name=\"producto\" \/><\/span><\/span>\n\t\t<\/p>\n\t<\/div>\n\t<div>\n\t\t<p><strong>Cantidad <span style=\"color:crimson;\">*<\/span><\/strong><br \/>\n<span style=\"display:inline-block; width:100%; margin-top:.25rem;\"><span class=\"wpcf7-form-control-wrap\" data-name=\"cantidad\"><input class=\"wpcf7-form-control wpcf7-number wpcf7-validates-as-required wpcf7-validates-as-number\" min=\"1\" aria-required=\"true\" aria-invalid=\"false\" value=\"\" type=\"number\" name=\"cantidad\" \/><\/span><\/span>\n\t\t<\/p>\n\t<\/div>\n\t<div>\n\t\t<p><strong>En qu\u00e9 estado se ubica su empresa? <span style=\"color:crimson;\">*<\/span><\/strong><br \/>\n<span style=\"display:inline-block; width:100%; margin-top:.25rem;\"><span class=\"wpcf7-form-control-wrap\" data-name=\"estado\"><select class=\"wpcf7-form-control wpcf7-select wpcf7-validates-as-required\" aria-required=\"true\" aria-invalid=\"false\" name=\"estado\"><option value=\"\">- Seleccionar -<\/option><option value=\"Aguascalientes\">Aguascalientes<\/option><option value=\"Baja California\">Baja California<\/option><option value=\"Baja California Sur\">Baja California Sur<\/option><option value=\"Campeche\">Campeche<\/option><option value=\"Chiapas\">Chiapas<\/option><option value=\"Chihuahua\">Chihuahua<\/option><option value=\"Ciudad de M\u00e9xico\">Ciudad de M\u00e9xico<\/option><option value=\"Coahuila\">Coahuila<\/option><option value=\"Durango\">Durango<\/option><option value=\"Estado de M\u00e9xico\">Estado de M\u00e9xico<\/option><option value=\"Guanajuato\">Guanajuato<\/option><option value=\"Guerrero\">Guerrero<\/option><option value=\"Hidalgo\">Hidalgo<\/option><option value=\"Jalisco\">Jalisco<\/option><option value=\"Michoac\u00e1n\">Michoac\u00e1n<\/option><option value=\"Morelos\">Morelos<\/option><option value=\"Nayarit\">Nayarit<\/option><option value=\"Nuevo Le\u00f3n\">Nuevo Le\u00f3n<\/option><option value=\"Oaxaca\">Oaxaca<\/option><option value=\"Puebla\">Puebla<\/option><option value=\"Quer\u00e9taro\">Quer\u00e9taro<\/option><option value=\"Quintana Roo\">Quintana Roo<\/option><option value=\"San Luis Potos\u00ed\">San Luis Potos\u00ed<\/option><option value=\"Sinaloa\">Sinaloa<\/option><option value=\"Sonora\">Sonora<\/option><option value=\"Tabasco\">Tabasco<\/option><option value=\"Tamaulipas\">Tamaulipas<\/option><option value=\"Tlaxcala\">Tlaxcala<\/option><option value=\"Veracruz\">Veracruz<\/option><option value=\"Yucat\u00e1n\">Yucat\u00e1n<\/option><option value=\"Zacatecas\">Zacatecas<\/option><\/select><\/span><\/span>\n\t\t<\/p>\n\t<\/div>\n\t<div>\n\t\t<p><strong>Mensaje<\/strong><br \/>\n<span style=\"display:inline-block; width:100%; margin-top:.25rem;\"><span class=\"wpcf7-form-control-wrap\" data-name=\"mensaje\"><textarea cols=\"40\" rows=\"10\" maxlength=\"2000\" class=\"wpcf7-form-control wpcf7-textarea\" aria-invalid=\"false\" name=\"mensaje\"><\/textarea><\/span><\/span>\n\t\t<\/p>\n\t<\/div>\n<input class=\"wpcf7-form-control wpcf7-hidden\" value=\"servicioalcliente@fruehauf.mx\" type=\"hidden\" name=\"correo_destinatario\" \/>\n<input class=\"wpcf7-form-control wpcf7-hidden\" value=\"contacto\" type=\"hidden\" name=\"formulario\" \/>\n\t<p><input class=\"wpcf7-form-control wpcf7-submit has-spinner\" type=\"submit\" value=\"ENVIAR\" \/>\n\t<\/p>\n<\/div><div class=\"wpcf7-response-output\" aria-hidden=\"true\"><\/div>\n<\/form>\n<\/div>\n<\/div>\n\t\t\t\t<\/div>\n\t\t\t\t<\/div>\n\t\t\t\t\t<\/div>\n\t\t\t\t<\/div>\n\t\t\t\t<\/div>\n\t\t","protected":false},"excerpt":{"rendered":"<p>CONT\u00c1CTANOS<\/p>\n","protected":false},"author":1,"featured_media":0,"parent":0,"menu_order":0,"comment_status":"closed","ping_status":"closed","template":"","meta":{"footnotes":""},"class_list":["post-156","page","type-page","status-publish","hentry"],"yoast_head":"<!-- This site is optimized with the Yoast SEO plugin v24.1 - https:\/\/yoast.com\/wordpress\/plugins\/seo\/ -->\n<title>Fruehauf, atenci\u00f3n al cliente en l\u00ednea y por tel\u00e9fono<\/title>\n<meta name=\"description\" content=\"Comun\u00edcate con Fruehauf: formulario en l\u00ednea, tel\u00e9fonos 55 5898 7800 y 800 633 9117, o correo ventas@fruehauf.mx. \u00a1Esperamos tu mensaje!\" \/>\n<meta name=\"robots\" content=\"index, follow, max-snippet:-1, max-image-preview:large, max-video-preview:-1\" \/>\n<link rel=\"canonical\" href=\"https:\/\/demos8.bitaminadigital.com\/fruehauf\/contactanos\/\" \/>\n<meta property=\"og:locale\" content=\"es_MX\" \/>\n<meta property=\"og:type\" content=\"article\" \/>\n<meta property=\"og:title\" content=\"Fruehauf, atenci\u00f3n al cliente en l\u00ednea y por tel\u00e9fono\" \/>\n<meta property=\"og:description\" content=\"Comun\u00edcate con Fruehauf: formulario en l\u00ednea, tel\u00e9fonos 55 5898 7800 y 800 633 9117, o correo ventas@fruehauf.mx. \u00a1Esperamos tu mensaje!\" \/>\n<meta property=\"og:url\" content=\"https:\/\/demos8.bitaminadigital.com\/fruehauf\/contactanos\/\" \/>\n<meta property=\"og:site_name\" content=\"Fruehauf\" \/>\n<meta property=\"article:publisher\" content=\"https:\/\/www.facebook.com\/FruehaufdeMexico\" \/>\n<meta property=\"article:modified_time\" content=\"2024-12-27T21:24:19+00:00\" \/>\n<meta property=\"og:image\" content=\"https:\/\/demos8.bitaminadigital.com\/fruehauf\/wp-content\/uploads\/2024\/11\/logo_fruehauf.webp\" \/>\n\t<meta property=\"og:image:width\" content=\"378\" \/>\n\t<meta property=\"og:image:height\" content=\"44\" \/>\n\t<meta property=\"og:image:type\" content=\"image\/webp\" \/>\n<meta name=\"twitter:card\" content=\"summary_large_image\" \/>\n<meta name=\"twitter:site\" content=\"@FRUEHAUFMEXICO\" \/>\n<meta name=\"twitter:label1\" content=\"Tiempo de lectura\" \/>\n\t<meta name=\"twitter:data1\" content=\"1 minuto\" \/>\n<script type=\"application\/ld+json\" class=\"yoast-schema-graph\">{\"@context\":\"https:\/\/schema.org\",\"@graph\":[{\"@type\":\"WebPage\",\"@id\":\"https:\/\/demos8.bitaminadigital.com\/fruehauf\/contactanos\/\",\"url\":\"https:\/\/demos8.bitaminadigital.com\/fruehauf\/contactanos\/\",\"name\":\"Fruehauf, atenci\u00f3n al cliente en l\u00ednea y por tel\u00e9fono\",\"isPartOf\":{\"@id\":\"https:\/\/demos8.bitaminadigital.com\/fruehauf\/#website\"},\"datePublished\":\"2024-11-29T09:04:02+00:00\",\"dateModified\":\"2024-12-27T21:24:19+00:00\",\"description\":\"Comun\u00edcate con Fruehauf: formulario en l\u00ednea, tel\u00e9fonos 55 5898 7800 y 800 633 9117, o correo ventas@fruehauf.mx. \u00a1Esperamos tu mensaje!\",\"breadcrumb\":{\"@id\":\"https:\/\/demos8.bitaminadigital.com\/fruehauf\/contactanos\/#breadcrumb\"},\"inLanguage\":\"es\",\"potentialAction\":[{\"@type\":\"ReadAction\",\"target\":[\"https:\/\/demos8.bitaminadigital.com\/fruehauf\/contactanos\/\"]}]},{\"@type\":\"BreadcrumbList\",\"@id\":\"https:\/\/demos8.bitaminadigital.com\/fruehauf\/contactanos\/#breadcrumb\",\"itemListElement\":[{\"@type\":\"ListItem\",\"position\":1,\"name\":\"Inicio\",\"item\":\"https:\/\/demos8.bitaminadigital.com\/fruehauf\/\"},{\"@type\":\"ListItem\",\"position\":2,\"name\":\"Cont\u00e1ctanos\"}]},{\"@type\":\"WebSite\",\"@id\":\"https:\/\/demos8.bitaminadigital.com\/fruehauf\/#website\",\"url\":\"https:\/\/demos8.bitaminadigital.com\/fruehauf\/\",\"name\":\"Fruehauf\",\"description\":\"Dise\u00f1ado para durar\",\"publisher\":{\"@id\":\"https:\/\/demos8.bitaminadigital.com\/fruehauf\/#organization\"},\"potentialAction\":[{\"@type\":\"SearchAction\",\"target\":{\"@type\":\"EntryPoint\",\"urlTemplate\":\"https:\/\/demos8.bitaminadigital.com\/fruehauf\/?s={search_term_string}\"},\"query-input\":{\"@type\":\"PropertyValueSpecification\",\"valueRequired\":true,\"valueName\":\"search_term_string\"}}],\"inLanguage\":\"es\"},{\"@type\":\"Organization\",\"@id\":\"https:\/\/demos8.bitaminadigital.com\/fruehauf\/#organization\",\"name\":\"Fruehauf\",\"url\":\"https:\/\/demos8.bitaminadigital.com\/fruehauf\/\",\"logo\":{\"@type\":\"ImageObject\",\"inLanguage\":\"es\",\"@id\":\"https:\/\/demos8.bitaminadigital.com\/fruehauf\/#\/schema\/logo\/image\/\",\"url\":\"https:\/\/demos8.bitaminadigital.com\/fruehauf\/wp-content\/uploads\/2024\/11\/logo_fruehauf.webp\",\"contentUrl\":\"https:\/\/demos8.bitaminadigital.com\/fruehauf\/wp-content\/uploads\/2024\/11\/logo_fruehauf.webp\",\"width\":378,\"height\":44,\"caption\":\"Fruehauf\"},\"image\":{\"@id\":\"https:\/\/demos8.bitaminadigital.com\/fruehauf\/#\/schema\/logo\/image\/\"},\"sameAs\":[\"https:\/\/www.facebook.com\/FruehaufdeMexico\",\"https:\/\/x.com\/FRUEHAUFMEXICO\",\"https:\/\/www.instagram.com\/fruehaufdemexico\/\",\"https:\/\/www.youtube.com\/@fruehaufmexico\",\"https:\/\/www.linkedin.com\/company\/fruehauf-mxico\/\"]}]}<\/script>\n<!-- \/ Yoast SEO plugin. -->","yoast_head_json":{"title":"Fruehauf, atenci\u00f3n al cliente en l\u00ednea y por tel\u00e9fono","description":"Comun\u00edcate con Fruehauf: formulario en l\u00ednea, tel\u00e9fonos 55 5898 7800 y 800 633 9117, o correo ventas@fruehauf.mx. \u00a1Esperamos tu mensaje!","robots":{"index":"index","follow":"follow","max-snippet":"max-snippet:-1","max-image-preview":"max-image-preview:large","max-video-preview":"max-video-preview:-1"},"canonical":"https:\/\/demos8.bitaminadigital.com\/fruehauf\/contactanos\/","og_locale":"es_MX","og_type":"article","og_title":"Fruehauf, atenci\u00f3n al cliente en l\u00ednea y por tel\u00e9fono","og_description":"Comun\u00edcate con Fruehauf: formulario en l\u00ednea, tel\u00e9fonos 55 5898 7800 y 800 633 9117, o correo ventas@fruehauf.mx. \u00a1Esperamos tu mensaje!","og_url":"https:\/\/demos8.bitaminadigital.com\/fruehauf\/contactanos\/","og_site_name":"Fruehauf","article_publisher":"https:\/\/www.facebook.com\/FruehaufdeMexico","article_modified_time":"2024-12-27T21:24:19+00:00","og_image":[{"width":378,"height":44,"url":"https:\/\/demos8.bitaminadigital.com\/fruehauf\/wp-content\/uploads\/2024\/11\/logo_fruehauf.webp","type":"image\/webp"}],"twitter_card":"summary_large_image","twitter_site":"@FRUEHAUFMEXICO","twitter_misc":{"Tiempo de lectura":"1 minuto"},"schema":{"@context":"https:\/\/schema.org","@graph":[{"@type":"WebPage","@id":"https:\/\/demos8.bitaminadigital.com\/fruehauf\/contactanos\/","url":"https:\/\/demos8.bitaminadigital.com\/fruehauf\/contactanos\/","name":"Fruehauf, atenci\u00f3n al cliente en l\u00ednea y por tel\u00e9fono","isPartOf":{"@id":"https:\/\/demos8.bitaminadigital.com\/fruehauf\/#website"},"datePublished":"2024-11-29T09:04:02+00:00","dateModified":"2024-12-27T21:24:19+00:00","description":"Comun\u00edcate con Fruehauf: formulario en l\u00ednea, tel\u00e9fonos 55 5898 7800 y 800 633 9117, o correo ventas@fruehauf.mx. \u00a1Esperamos tu mensaje!","breadcrumb":{"@id":"https:\/\/demos8.bitaminadigital.com\/fruehauf\/contactanos\/#breadcrumb"},"inLanguage":"es","potentialAction":[{"@type":"ReadAction","target":["https:\/\/demos8.bitaminadigital.com\/fruehauf\/contactanos\/"]}]},{"@type":"BreadcrumbList","@id":"https:\/\/demos8.bitaminadigital.com\/fruehauf\/contactanos\/#breadcrumb","itemListElement":[{"@type":"ListItem","position":1,"name":"Inicio","item":"https:\/\/demos8.bitaminadigital.com\/fruehauf\/"},{"@type":"ListItem","position":2,"name":"Cont\u00e1ctanos"}]},{"@type":"WebSite","@id":"https:\/\/demos8.bitaminadigital.com\/fruehauf\/#website","url":"https:\/\/demos8.bitaminadigital.com\/fruehauf\/","name":"Fruehauf","description":"Dise\u00f1ado para durar","publisher":{"@id":"https:\/\/demos8.bitaminadigital.com\/fruehauf\/#organization"},"potentialAction":[{"@type":"SearchAction","target":{"@type":"EntryPoint","urlTemplate":"https:\/\/demos8.bitaminadigital.com\/fruehauf\/?s={search_term_string}"},"query-input":{"@type":"PropertyValueSpecification","valueRequired":true,"valueName":"search_term_string"}}],"inLanguage":"es"},{"@type":"Organization","@id":"https:\/\/demos8.bitaminadigital.com\/fruehauf\/#organization","name":"Fruehauf","url":"https:\/\/demos8.bitaminadigital.com\/fruehauf\/","logo":{"@type":"ImageObject","inLanguage":"es","@id":"https:\/\/demos8.bitaminadigital.com\/fruehauf\/#\/schema\/logo\/image\/","url":"https:\/\/demos8.bitaminadigital.com\/fruehauf\/wp-content\/uploads\/2024\/11\/logo_fruehauf.webp","contentUrl":"https:\/\/demos8.bitaminadigital.com\/fruehauf\/wp-content\/uploads\/2024\/11\/logo_fruehauf.webp","width":378,"height":44,"caption":"Fruehauf"},"image":{"@id":"https:\/\/demos8.bitaminadigital.com\/fruehauf\/#\/schema\/logo\/image\/"},"sameAs":["https:\/\/www.facebook.com\/FruehaufdeMexico","https:\/\/x.com\/FRUEHAUFMEXICO","https:\/\/www.instagram.com\/fruehaufdemexico\/","https:\/\/www.youtube.com\/@fruehaufmexico","https:\/\/www.linkedin.com\/company\/fruehauf-mxico\/"]}]}},"_links":{"self":[{"href":"https:\/\/demos8.bitaminadigital.com\/fruehauf\/wp-json\/wp\/v2\/pages\/156","targetHints":{"allow":["GET"]}}],"collection":[{"href":"https:\/\/demos8.bitaminadigital.com\/fruehauf\/wp-json\/wp\/v2\/pages"}],"about":[{"href":"https:\/\/demos8.bitaminadigital.com\/fruehauf\/wp-json\/wp\/v2\/types\/page"}],"author":[{"embeddable":true,"href":"https:\/\/demos8.bitaminadigital.com\/fruehauf\/wp-json\/wp\/v2\/users\/1"}],"replies":[{"embeddable":true,"href":"https:\/\/demos8.bitaminadigital.com\/fruehauf\/wp-json\/wp\/v2\/comments?post=156"}],"version-history":[{"count":19,"href":"https:\/\/demos8.bitaminadigital.com\/fruehauf\/wp-json\/wp\/v2\/pages\/156\/revisions"}],"predecessor-version":[{"id":1276,"href":"https:\/\/demos8.bitaminadigital.com\/fruehauf\/wp-json\/wp\/v2\/pages\/156\/revisions\/1276"}],"wp:attachment":[{"href":"https:\/\/demos8.bitaminadigital.com\/fruehauf\/wp-json\/wp\/v2\/media?parent=156"}],"curies":[{"name":"wp","href":"https:\/\/api.w.org\/{rel}","templated":true}]}}