{"id":102,"date":"2024-11-19T15:23:25","date_gmt":"2024-11-19T15:23:25","guid":{"rendered":"https:\/\/demos8.bitaminadigital.com\/fruehauf\/?page_id=102"},"modified":"2024-12-27T22:03:29","modified_gmt":"2024-12-27T22:03:29","slug":"quienes-somos","status":"publish","type":"page","link":"https:\/\/demos8.bitaminadigital.com\/fruehauf\/quienes-somos\/","title":{"rendered":"Qui\u00e9nes somos"},"content":{"rendered":"\t\t<div data-elementor-type=\"wp-page\" data-elementor-id=\"102\" class=\"elementor elementor-102\">\n\t\t\t\t<div class=\"elementor-element elementor-element-fc90f1a e-flex e-con-boxed e-con e-parent\" data-id=\"fc90f1a\" data-element_type=\"container\">\n\t\t\t\t\t<div class=\"e-con-inner\">\n\t\t<div class=\"elementor-element elementor-element-8a5dea8 e-con-full e-flex e-con e-child\" data-id=\"8a5dea8\" data-element_type=\"container\" data-settings=\"{&quot;background_background&quot;:&quot;slideshow&quot;,&quot;background_slideshow_gallery&quot;:[{&quot;id&quot;:523,&quot;url&quot;:&quot;https:\\\/\\\/demos8.bitaminadigital.com\\\/fruehauf\\\/wp-content\\\/uploads\\\/2024\\\/12\\\/Fruehauf_familia.jpg&quot;},{&quot;id&quot;:524,&quot;url&quot;:&quot;https:\\\/\\\/demos8.bitaminadigital.com\\\/fruehauf\\\/wp-content\\\/uploads\\\/2024\\\/12\\\/Fruehauf_planta-scaled.jpg&quot;}],&quot;background_slideshow_loop&quot;:&quot;yes&quot;,&quot;background_slideshow_slide_duration&quot;:5000,&quot;background_slideshow_slide_transition&quot;:&quot;fade&quot;,&quot;background_slideshow_transition_duration&quot;:500}\">\n\t\t\t\t<div class=\"elementor-element elementor-element-1959ab5 de_scroll_animation_no elementor-widget elementor-widget-spacer\" data-id=\"1959ab5\" data-element_type=\"widget\" data-widget_type=\"spacer.default\">\n\t\t\t\t<div class=\"elementor-widget-container\">\n\t\t\t\t\t<div class=\"elementor-spacer\">\n\t\t\t<div class=\"elementor-spacer-inner\"><\/div>\n\t\t<\/div>\n\t\t\t\t<\/div>\n\t\t\t\t<\/div>\n\t\t\t\t<\/div>\n\t\t<div class=\"elementor-element elementor-element-ea96313 e-con-full e-flex e-con e-child\" data-id=\"ea96313\" data-element_type=\"container\">\n\t\t\t\t<div class=\"elementor-element elementor-element-23b7eb4 de_scroll_animation_no elementor-invisible elementor-widget elementor-widget-heading\" data-id=\"23b7eb4\" data-element_type=\"widget\" data-settings=\"{&quot;_animation&quot;:&quot;fadeInUp&quot;,&quot;_animation_delay&quot;:200}\" data-widget_type=\"heading.default\">\n\t\t\t\t<div class=\"elementor-widget-container\">\n\t\t\t<h2 class=\"elementor-heading-title elementor-size-default\">Nuestra Historia<\/h2>\t\t<\/div>\n\t\t\t\t<\/div>\n\t\t\t\t<div class=\"elementor-element elementor-element-3177cf7 de_scroll_animation_no elementor-invisible elementor-widget elementor-widget-text-editor\" data-id=\"3177cf7\" data-element_type=\"widget\" data-settings=\"{&quot;_animation&quot;:&quot;fadeInUp&quot;,&quot;_animation_delay&quot;:400}\" data-widget_type=\"text-editor.default\">\n\t\t\t\t<div class=\"elementor-widget-container\">\n\t\t\t\t\t\t\t<p>Fruehauf nace en 1914 en Norteam\u00e9rica con la creaci\u00f3n del semirremolque, convirti\u00e9ndonos en los pioneros en este ramo. Hoy Fruehauf en M\u00e9xico es fabricante l\u00edder, por su alto compromiso hacia sus clientes de entregar equipos de calidad superior y dise\u00f1ados para durar, como lo dice su tagline \u201cDesigned to Last\u201d, convirti\u00e9ndose en una referencia para la industria y logrando la satisfacci\u00f3n de sus clientes.<\/p><p>Tenemos m\u00e1s de 50 a\u00f1os de presencia en M\u00e9xico, ofreciendo soluciones para la transportaci\u00f3n y manejo de cualquier tipo de carga de acuerdo a las necesidades de operaci\u00f3n del cliente.<\/p><p>Tenemos el talento y la capacidad de dise\u00f1ar y fabricar equipos especializados totalmente a la medida. En Fruehauf, contamos con 2 naves industriales para fabricar remolques y semirremolques en un \u00e1rea de m\u00e1s de 7.3 hect\u00e1reas. Contamos con certificaci\u00f3n ASME y AWS. Cumplimos con las normas mexicanas (NOM), americanas (DOT) y canadienses (CTA).<\/p>\t\t\t\t\t\t<\/div>\n\t\t\t\t<\/div>\n\t\t\t\t<\/div>\n\t\t\t\t\t<\/div>\n\t\t\t\t<\/div>\n\t\t<div class=\"elementor-element elementor-element-66f56d4 e-flex e-con-boxed e-con e-parent\" data-id=\"66f56d4\" data-element_type=\"container\">\n\t\t\t\t\t<div class=\"e-con-inner\">\n\t\t\t\t<div class=\"elementor-element elementor-element-dd2179d de_scroll_animation_no elementor-widget elementor-widget-shortcode\" data-id=\"dd2179d\" data-element_type=\"widget\" data-widget_type=\"shortcode.default\">\n\t\t\t\t<div class=\"elementor-widget-container\">\n\t\t\t\t\t<div class=\"elementor-shortcode\"><div class=\"_3d-flip-book  fb3d-fullscreen-mode full-size\" data-id=\"535\" data-mode=\"fullscreen\" data-title=\"false\" data-template=\"short-white-book-view\" data-lightbox=\"dark-shadow\" data-urlparam=\"fb3d-page\" data-page-n=\"0\" data-pdf=\"\" data-tax=\"null\" data-thumbnail=\"\" data-cols=\"3\" data-book-template=\"default\" data-trigger=\"\"><\/div><script type=\"text\/javascript\">window.FB3D_CLIENT_DATA = window.FB3D_CLIENT_DATA || [];FB3D_CLIENT_DATA.push('eyJwb3N0cyI6eyI1MzUiOnsiSUQiOjUzNSwidGl0bGUiOiJGcnVlaGF1ZiB8IEhpc3RvcmlhIiwidHlwZSI6InBkZiIsInJlYWR5X2Z1bmN0aW9uIjoiIiwiYm9va19zdHlsZSI6InZvbHVtZSIsImJvb2tfdGVtcGxhdGUiOiJub25lIiwib3V0bGluZSI6W10sImRhdGEiOnsicG9zdF9JRCI6IjUxNSIsImd1aWQiOiJodHRwczpcL1wvZGVtb3M4LmJpdGFtaW5hZGlnaXRhbC5jb21cL2ZydWVoYXVmXC93cC1jb250ZW50XC91cGxvYWRzXC8yMDI0XC8xMlwvRnJ1ZWhhdWZfaGlzdG9yaWFfY29tcHJlc3NlZC5wZGYiLCJwZGZfcGFnZXMiOiIxNyIsInBhZ2VzX2N1c3RvbWl6YXRpb24iOiJub25lIn0sInRodW1ibmFpbCI6eyJkYXRhIjp7InBvc3RfSUQiOiIwIn0sInR5cGUiOiJhdXRvIn0sInByb3BzIjp7ImJhY2tncm91bmRDb2xvciI6ImF1dG8iLCJiYWNrZ3JvdW5kSW1hZ2UiOiJhdXRvIiwiYmFja2dyb3VuZFN0eWxlIjoiYXV0byIsImhpZ2hsaWdodExpbmtzIjoiYXV0byIsImxpZ2h0aW5nIjoiYXV0byIsInNpbmdsZVBhZ2VNb2RlIjoiYXV0byIsImNhY2hlZFBhZ2VzIjoiYXV0byIsInJlbmRlckluYWN0aXZlUGFnZXMiOiJhdXRvIiwicmVuZGVySW5hY3RpdmVQYWdlc09uTW9iaWxlIjoiYXV0byIsInJlbmRlcldoaWxlRmxpcHBpbmciOiJhdXRvIiwicHJlbG9hZFBhZ2VzIjoiYXV0byIsImF1dG9QbGF5RHVyYXRpb24iOiJhdXRvIiwicnRsIjoiYXV0byIsImludGVyYWN0aXZlQ29ybmVycyI6ImF1dG8iLCJtYXhEZXB0aCI6ImF1dG8iLCJzaGVldCI6eyJzdGFydFZlbG9jaXR5IjoiYXV0byIsIndhdmUiOiJhdXRvIiwic2hhcGUiOiJhdXRvIiwid2lkdGhUZXhlbHMiOiJhdXRvIiwiY29sb3IiOiJhdXRvIiwic2lkZSI6ImF1dG8iLCJzdHJldGNoSW1hZ2VzIjoiYXV0byIsImNvcm5lckRldmlhdGlvbiI6ImF1dG8iLCJmbGV4aWJpbGl0eSI6ImF1dG8iLCJmbGV4aWJsZUNvcm5lciI6ImF1dG8iLCJiZW5kaW5nIjoiYXV0byIsImhlaWdodFRleGVscyI6ImF1dG8ifSwiY292ZXIiOnsid2F2ZSI6ImF1dG8iLCJjb2xvciI6ImF1dG8iLCJzaWRlIjoiYXV0byIsInN0cmV0Y2hJbWFnZXMiOiJhdXRvIiwiYmluZGVyVGV4dHVyZSI6ImF1dG8iLCJkZXB0aCI6ImF1dG8iLCJwYWRkaW5nIjoiYXV0byIsInN0YXJ0VmVsb2NpdHkiOiJhdXRvIiwiZmxleGliaWxpdHkiOiJhdXRvIiwiZmxleGlibGVDb3JuZXIiOiJhdXRvIiwiYmVuZGluZyI6ImF1dG8iLCJ3aWR0aFRleGVscyI6ImF1dG8iLCJoZWlnaHRUZXhlbHMiOiJhdXRvIiwibWFzcyI6ImF1dG8iLCJzaGFwZSI6ImF1dG8ifSwicGFnZSI6eyJ3YXZlIjoiYXV0byIsImNvbG9yIjoiYXV0byIsInNpZGUiOiJhdXRvIiwic3RyZXRjaEltYWdlcyI6ImF1dG8iLCJkZXB0aCI6ImF1dG8iLCJzdGFydFZlbG9jaXR5IjoiYXV0byIsImZsZXhpYmlsaXR5IjoiYXV0byIsImZsZXhpYmxlQ29ybmVyIjoiYXV0byIsImJlbmRpbmciOiJhdXRvIiwid2lkdGhUZXhlbHMiOiJhdXRvIiwiaGVpZ2h0VGV4ZWxzIjoiYXV0byIsIm1hc3MiOiJhdXRvIiwic2hhcGUiOiJhdXRvIn0sImhlaWdodCI6ImF1dG8iLCJ3aWR0aCI6ImF1dG8iLCJncmF2aXR5IjoiYXV0byIsInBhZ2VzRm9yUHJlZGljdGluZyI6ImF1dG8ifSwiY29udHJvbFByb3BzIjp7ImFjdGlvbnMiOnsiY21kVG9jIjp7ImVuYWJsZWQiOiJhdXRvIiwiZW5hYmxlZEluTmFycm93IjoiYXV0byIsImFjdGl2ZSI6ImF1dG8iLCJkZWZhdWx0VGFiIjoiYXV0byJ9LCJjbWRBdXRvUGxheSI6eyJlbmFibGVkIjoiYXV0byIsImVuYWJsZWRJbk5hcnJvdyI6ImF1dG8iLCJhY3RpdmUiOiJhdXRvIn0sImNtZFNhdmUiOnsiZW5hYmxlZCI6ImF1dG8iLCJlbmFibGVkSW5OYXJyb3ciOiJhdXRvIn0sImNtZFByaW50Ijp7ImVuYWJsZWQiOiJhdXRvIiwiZW5hYmxlZEluTmFycm93IjoiYXV0byJ9LCJjbWRTaW5nbGVQYWdlIjp7ImVuYWJsZWQiOiJhdXRvIiwiZW5hYmxlZEluTmFycm93IjoiYXV0byIsImFjdGl2ZSI6ImF1dG8iLCJhY3RpdmVGb3JNb2JpbGUiOiJhdXRvIn0sIndpZFRvb2xiYXIiOnsiZW5hYmxlZCI6ImF1dG8iLCJlbmFibGVkSW5OYXJyb3ciOiJhdXRvIn19fSwiYXV0b1RodW1ibmFpbCI6Imh0dHBzOlwvXC9kZW1vczguYml0YW1pbmFkaWdpdGFsLmNvbVwvZnJ1ZWhhdWZcL3dwLWNvbnRlbnRcL3VwbG9hZHNcLzNkLWZsaXAtYm9va1wvYXV0by10aHVtYm5haWxzXC81MzUucG5nIiwicG9zdF9uYW1lIjoiZnJ1ZWhhdWYtaGlzdG9yaWEiLCJwb3N0X3R5cGUiOiIzZC1mbGlwLWJvb2sifX0sInBhZ2VzIjpbXSwiZmlyc3RQYWdlcyI6W119');window.FB3D_CLIENT_LOCALE && FB3D_CLIENT_LOCALE.render && FB3D_CLIENT_LOCALE.render();<\/script><\/div>\n\t\t\t\t<\/div>\n\t\t\t\t<\/div>\n\t\t\t\t\t<\/div>\n\t\t\t\t<\/div>\n\t\t<div class=\"elementor-element elementor-element-f98617a e-flex e-con-boxed e-con e-parent\" data-id=\"f98617a\" data-element_type=\"container\" data-settings=\"{&quot;background_background&quot;:&quot;classic&quot;}\">\n\t\t\t\t\t<div class=\"e-con-inner\">\n\t\t<div class=\"elementor-element elementor-element-29de603 e-con-full e-flex e-con e-child\" data-id=\"29de603\" data-element_type=\"container\">\n\t\t<div class=\"elementor-element elementor-element-57893b6 e-con-full e-flex e-con e-child\" data-id=\"57893b6\" data-element_type=\"container\" data-settings=\"{&quot;background_background&quot;:&quot;slideshow&quot;,&quot;background_slideshow_gallery&quot;:[{&quot;id&quot;:526,&quot;url&quot;:&quot;https:\\\/\\\/demos8.bitaminadigital.com\\\/fruehauf\\\/wp-content\\\/uploads\\\/2024\\\/12\\\/Fruehauf_equipo.jpg&quot;},{&quot;id&quot;:525,&quot;url&quot;:&quot;https:\\\/\\\/demos8.bitaminadigital.com\\\/fruehauf\\\/wp-content\\\/uploads\\\/2024\\\/12\\\/Fruehauf_equipo2.jpg&quot;}],&quot;background_slideshow_loop&quot;:&quot;yes&quot;,&quot;background_slideshow_slide_duration&quot;:5000,&quot;background_slideshow_slide_transition&quot;:&quot;fade&quot;,&quot;background_slideshow_transition_duration&quot;:500}\">\n\t\t\t\t<div class=\"elementor-element elementor-element-e69cf3f de_scroll_animation_no elementor-widget elementor-widget-spacer\" data-id=\"e69cf3f\" data-element_type=\"widget\" data-widget_type=\"spacer.default\">\n\t\t\t\t<div class=\"elementor-widget-container\">\n\t\t\t\t\t<div class=\"elementor-spacer\">\n\t\t\t<div class=\"elementor-spacer-inner\"><\/div>\n\t\t<\/div>\n\t\t\t\t<\/div>\n\t\t\t\t<\/div>\n\t\t\t\t<\/div>\n\t\t<div class=\"elementor-element elementor-element-d9301f4 e-con-full e-flex e-con e-child\" data-id=\"d9301f4\" data-element_type=\"container\">\n\t\t\t\t<div class=\"elementor-element elementor-element-7ede0ca de_scroll_animation_no elementor-invisible elementor-widget elementor-widget-heading\" data-id=\"7ede0ca\" data-element_type=\"widget\" data-settings=\"{&quot;_animation&quot;:&quot;fadeInUp&quot;,&quot;_animation_delay&quot;:200}\" data-widget_type=\"heading.default\">\n\t\t\t\t<div class=\"elementor-widget-container\">\n\t\t\t<h2 class=\"elementor-heading-title elementor-size-default\">\u00bfPor qu\u00e9 Fruehauf?<\/h2>\t\t<\/div>\n\t\t\t\t<\/div>\n\t\t\t\t<div class=\"elementor-element elementor-element-51823e8 de_scroll_animation_no elementor-invisible elementor-widget elementor-widget-text-editor\" data-id=\"51823e8\" data-element_type=\"widget\" data-settings=\"{&quot;_animation&quot;:&quot;fadeInUp&quot;,&quot;_animation_delay&quot;:400}\" data-widget_type=\"text-editor.default\">\n\t\t\t\t<div class=\"elementor-widget-container\">\n\t\t\t\t\t\t\t<ol><li>Fruehauf es pionero y l\u00edder indiscutible en la industria de la fabricaci\u00f3n de equipos de remolque y semirremolque en M\u00e9xico.<\/li><li>M\u00e1s de 100 a\u00f1os de experiencia nos respaldan.<\/li><li>Nuestros productos est\u00e1n dise\u00f1ados para durar muchos a\u00f1os.<\/li><li>Contamos con el talento humano m\u00e1s calificado, profesional y experimentado de la industria.<\/li><li>Utilizamos componentes originales de fabricaci\u00f3n de la m\u00e1s alta calidad y contamos con los procesos de producci\u00f3n m\u00e1s eficientes; todo lo anterior, se traduce en la fabricaci\u00f3n de equipos de excelencia que brindan la mayor confiabilidad de operaci\u00f3n y gran durabilidad.<\/li><li>Nos adaptamos a las necesidades m\u00e1s particulares de nuestros clientes, ya sean de carga, de operaci\u00f3n o de cualquier otra \u00edndole, al ser nuestros productos altamente personalizables.<\/li><li>Entendemos mejor que nadie la importancia para nuestros clientes de contar con sus equipos en los plazos acordados, por lo que cumplimos con nuestros compromisos de entrega en tiempo y forma.<\/li><\/ol>\t\t\t\t\t\t<\/div>\n\t\t\t\t<\/div>\n\t\t\t\t<div class=\"elementor-element elementor-element-f0ea7a5 de_scroll_animation_no elementor-widget elementor-widget-heading\" data-id=\"f0ea7a5\" data-element_type=\"widget\" data-widget_type=\"heading.default\">\n\t\t\t\t<div class=\"elementor-widget-container\">\n\t\t\t<h2 class=\"elementor-heading-title elementor-size-default\">Por esto y m\u00e1s, Fruehauf es y ser\u00e1 siempre un aliado confiable.<\/h2>\t\t<\/div>\n\t\t\t\t<\/div>\n\t\t\t\t<\/div>\n\t\t\t\t<\/div>\n\t\t\t\t\t<\/div>\n\t\t\t\t<\/div>\n\t\t\t\t<\/div>\n\t\t","protected":false},"excerpt":{"rendered":"<p>Nuestra Historia Fruehauf nace en 1914 en Norteam\u00e9rica con la creaci\u00f3n del semirremolque, convirti\u00e9ndonos en los pioneros en este ramo. Hoy Fruehauf en M\u00e9xico es fabricante l\u00edder, por su alto compromiso hacia sus clientes de entregar equipos de calidad superior y dise\u00f1ados para durar, como lo dice su tagline \u201cDesigned to Last\u201d, convirti\u00e9ndose en una [&hellip;]<\/p>\n","protected":false},"author":2,"featured_media":0,"parent":0,"menu_order":0,"comment_status":"closed","ping_status":"closed","template":"","meta":{"footnotes":""},"class_list":["post-102","page","type-page","status-publish","hentry"],"yoast_head":"<!-- This site is optimized with the Yoast SEO plugin v24.1 - https:\/\/yoast.com\/wordpress\/plugins\/seo\/ -->\n<title>Fruehauf, calidad y experiencia en M\u00e9xico desde 1914<\/title>\n<meta name=\"description\" content=\"Fruehauf, l\u00edder en fabricaci\u00f3n de semirremolques desde 1914, ofrece en M\u00e9xico soluciones de transporte duraderas y personalizadas para cada cliente.\" \/>\n<meta name=\"robots\" content=\"index, follow, max-snippet:-1, max-image-preview:large, max-video-preview:-1\" \/>\n<link rel=\"canonical\" href=\"https:\/\/demos8.bitaminadigital.com\/fruehauf\/quienes-somos\/\" \/>\n<meta property=\"og:locale\" content=\"es_MX\" \/>\n<meta property=\"og:type\" content=\"article\" \/>\n<meta property=\"og:title\" content=\"Fruehauf, calidad y experiencia en M\u00e9xico desde 1914\" \/>\n<meta property=\"og:description\" content=\"Fruehauf, l\u00edder en fabricaci\u00f3n de semirremolques desde 1914, ofrece en M\u00e9xico soluciones de transporte duraderas y personalizadas para cada cliente.\" \/>\n<meta property=\"og:url\" content=\"https:\/\/demos8.bitaminadigital.com\/fruehauf\/quienes-somos\/\" \/>\n<meta property=\"og:site_name\" content=\"Fruehauf\" \/>\n<meta property=\"article:publisher\" content=\"https:\/\/www.facebook.com\/FruehaufdeMexico\" \/>\n<meta property=\"article:modified_time\" content=\"2024-12-27T22:03:29+00:00\" \/>\n<meta property=\"og:image\" content=\"https:\/\/demos8.bitaminadigital.com\/fruehauf\/wp-content\/uploads\/2024\/11\/logo_fruehauf.webp\" \/>\n\t<meta property=\"og:image:width\" content=\"378\" \/>\n\t<meta property=\"og:image:height\" content=\"44\" \/>\n\t<meta property=\"og:image:type\" content=\"image\/webp\" \/>\n<meta name=\"twitter:card\" content=\"summary_large_image\" \/>\n<meta name=\"twitter:site\" content=\"@FRUEHAUFMEXICO\" \/>\n<meta name=\"twitter:label1\" content=\"Tiempo de lectura\" \/>\n\t<meta name=\"twitter:data1\" content=\"2 minutos\" \/>\n<script type=\"application\/ld+json\" class=\"yoast-schema-graph\">{\"@context\":\"https:\/\/schema.org\",\"@graph\":[{\"@type\":\"WebPage\",\"@id\":\"https:\/\/demos8.bitaminadigital.com\/fruehauf\/quienes-somos\/\",\"url\":\"https:\/\/demos8.bitaminadigital.com\/fruehauf\/quienes-somos\/\",\"name\":\"Fruehauf, calidad y experiencia en M\u00e9xico desde 1914\",\"isPartOf\":{\"@id\":\"https:\/\/demos8.bitaminadigital.com\/fruehauf\/#website\"},\"datePublished\":\"2024-11-19T15:23:25+00:00\",\"dateModified\":\"2024-12-27T22:03:29+00:00\",\"description\":\"Fruehauf, l\u00edder en fabricaci\u00f3n de semirremolques desde 1914, ofrece en M\u00e9xico soluciones de transporte duraderas y personalizadas para cada cliente.\",\"breadcrumb\":{\"@id\":\"https:\/\/demos8.bitaminadigital.com\/fruehauf\/quienes-somos\/#breadcrumb\"},\"inLanguage\":\"es\",\"potentialAction\":[{\"@type\":\"ReadAction\",\"target\":[\"https:\/\/demos8.bitaminadigital.com\/fruehauf\/quienes-somos\/\"]}]},{\"@type\":\"BreadcrumbList\",\"@id\":\"https:\/\/demos8.bitaminadigital.com\/fruehauf\/quienes-somos\/#breadcrumb\",\"itemListElement\":[{\"@type\":\"ListItem\",\"position\":1,\"name\":\"Inicio\",\"item\":\"https:\/\/demos8.bitaminadigital.com\/fruehauf\/\"},{\"@type\":\"ListItem\",\"position\":2,\"name\":\"Qui\u00e9nes somos\"}]},{\"@type\":\"WebSite\",\"@id\":\"https:\/\/demos8.bitaminadigital.com\/fruehauf\/#website\",\"url\":\"https:\/\/demos8.bitaminadigital.com\/fruehauf\/\",\"name\":\"Fruehauf\",\"description\":\"Dise\u00f1ado para durar\",\"publisher\":{\"@id\":\"https:\/\/demos8.bitaminadigital.com\/fruehauf\/#organization\"},\"potentialAction\":[{\"@type\":\"SearchAction\",\"target\":{\"@type\":\"EntryPoint\",\"urlTemplate\":\"https:\/\/demos8.bitaminadigital.com\/fruehauf\/?s={search_term_string}\"},\"query-input\":{\"@type\":\"PropertyValueSpecification\",\"valueRequired\":true,\"valueName\":\"search_term_string\"}}],\"inLanguage\":\"es\"},{\"@type\":\"Organization\",\"@id\":\"https:\/\/demos8.bitaminadigital.com\/fruehauf\/#organization\",\"name\":\"Fruehauf\",\"url\":\"https:\/\/demos8.bitaminadigital.com\/fruehauf\/\",\"logo\":{\"@type\":\"ImageObject\",\"inLanguage\":\"es\",\"@id\":\"https:\/\/demos8.bitaminadigital.com\/fruehauf\/#\/schema\/logo\/image\/\",\"url\":\"https:\/\/demos8.bitaminadigital.com\/fruehauf\/wp-content\/uploads\/2024\/11\/logo_fruehauf.webp\",\"contentUrl\":\"https:\/\/demos8.bitaminadigital.com\/fruehauf\/wp-content\/uploads\/2024\/11\/logo_fruehauf.webp\",\"width\":378,\"height\":44,\"caption\":\"Fruehauf\"},\"image\":{\"@id\":\"https:\/\/demos8.bitaminadigital.com\/fruehauf\/#\/schema\/logo\/image\/\"},\"sameAs\":[\"https:\/\/www.facebook.com\/FruehaufdeMexico\",\"https:\/\/x.com\/FRUEHAUFMEXICO\",\"https:\/\/www.instagram.com\/fruehaufdemexico\/\",\"https:\/\/www.youtube.com\/@fruehaufmexico\",\"https:\/\/www.linkedin.com\/company\/fruehauf-mxico\/\"]}]}<\/script>\n<!-- \/ Yoast SEO plugin. -->","yoast_head_json":{"title":"Fruehauf, calidad y experiencia en M\u00e9xico desde 1914","description":"Fruehauf, l\u00edder en fabricaci\u00f3n de semirremolques desde 1914, ofrece en M\u00e9xico soluciones de transporte duraderas y personalizadas para cada cliente.","robots":{"index":"index","follow":"follow","max-snippet":"max-snippet:-1","max-image-preview":"max-image-preview:large","max-video-preview":"max-video-preview:-1"},"canonical":"https:\/\/demos8.bitaminadigital.com\/fruehauf\/quienes-somos\/","og_locale":"es_MX","og_type":"article","og_title":"Fruehauf, calidad y experiencia en M\u00e9xico desde 1914","og_description":"Fruehauf, l\u00edder en fabricaci\u00f3n de semirremolques desde 1914, ofrece en M\u00e9xico soluciones de transporte duraderas y personalizadas para cada cliente.","og_url":"https:\/\/demos8.bitaminadigital.com\/fruehauf\/quienes-somos\/","og_site_name":"Fruehauf","article_publisher":"https:\/\/www.facebook.com\/FruehaufdeMexico","article_modified_time":"2024-12-27T22:03:29+00:00","og_image":[{"width":378,"height":44,"url":"https:\/\/demos8.bitaminadigital.com\/fruehauf\/wp-content\/uploads\/2024\/11\/logo_fruehauf.webp","type":"image\/webp"}],"twitter_card":"summary_large_image","twitter_site":"@FRUEHAUFMEXICO","twitter_misc":{"Tiempo de lectura":"2 minutos"},"schema":{"@context":"https:\/\/schema.org","@graph":[{"@type":"WebPage","@id":"https:\/\/demos8.bitaminadigital.com\/fruehauf\/quienes-somos\/","url":"https:\/\/demos8.bitaminadigital.com\/fruehauf\/quienes-somos\/","name":"Fruehauf, calidad y experiencia en M\u00e9xico desde 1914","isPartOf":{"@id":"https:\/\/demos8.bitaminadigital.com\/fruehauf\/#website"},"datePublished":"2024-11-19T15:23:25+00:00","dateModified":"2024-12-27T22:03:29+00:00","description":"Fruehauf, l\u00edder en fabricaci\u00f3n de semirremolques desde 1914, ofrece en M\u00e9xico soluciones de transporte duraderas y personalizadas para cada cliente.","breadcrumb":{"@id":"https:\/\/demos8.bitaminadigital.com\/fruehauf\/quienes-somos\/#breadcrumb"},"inLanguage":"es","potentialAction":[{"@type":"ReadAction","target":["https:\/\/demos8.bitaminadigital.com\/fruehauf\/quienes-somos\/"]}]},{"@type":"BreadcrumbList","@id":"https:\/\/demos8.bitaminadigital.com\/fruehauf\/quienes-somos\/#breadcrumb","itemListElement":[{"@type":"ListItem","position":1,"name":"Inicio","item":"https:\/\/demos8.bitaminadigital.com\/fruehauf\/"},{"@type":"ListItem","position":2,"name":"Qui\u00e9nes somos"}]},{"@type":"WebSite","@id":"https:\/\/demos8.bitaminadigital.com\/fruehauf\/#website","url":"https:\/\/demos8.bitaminadigital.com\/fruehauf\/","name":"Fruehauf","description":"Dise\u00f1ado para durar","publisher":{"@id":"https:\/\/demos8.bitaminadigital.com\/fruehauf\/#organization"},"potentialAction":[{"@type":"SearchAction","target":{"@type":"EntryPoint","urlTemplate":"https:\/\/demos8.bitaminadigital.com\/fruehauf\/?s={search_term_string}"},"query-input":{"@type":"PropertyValueSpecification","valueRequired":true,"valueName":"search_term_string"}}],"inLanguage":"es"},{"@type":"Organization","@id":"https:\/\/demos8.bitaminadigital.com\/fruehauf\/#organization","name":"Fruehauf","url":"https:\/\/demos8.bitaminadigital.com\/fruehauf\/","logo":{"@type":"ImageObject","inLanguage":"es","@id":"https:\/\/demos8.bitaminadigital.com\/fruehauf\/#\/schema\/logo\/image\/","url":"https:\/\/demos8.bitaminadigital.com\/fruehauf\/wp-content\/uploads\/2024\/11\/logo_fruehauf.webp","contentUrl":"https:\/\/demos8.bitaminadigital.com\/fruehauf\/wp-content\/uploads\/2024\/11\/logo_fruehauf.webp","width":378,"height":44,"caption":"Fruehauf"},"image":{"@id":"https:\/\/demos8.bitaminadigital.com\/fruehauf\/#\/schema\/logo\/image\/"},"sameAs":["https:\/\/www.facebook.com\/FruehaufdeMexico","https:\/\/x.com\/FRUEHAUFMEXICO","https:\/\/www.instagram.com\/fruehaufdemexico\/","https:\/\/www.youtube.com\/@fruehaufmexico","https:\/\/www.linkedin.com\/company\/fruehauf-mxico\/"]}]}},"_links":{"self":[{"href":"https:\/\/demos8.bitaminadigital.com\/fruehauf\/wp-json\/wp\/v2\/pages\/102","targetHints":{"allow":["GET"]}}],"collection":[{"href":"https:\/\/demos8.bitaminadigital.com\/fruehauf\/wp-json\/wp\/v2\/pages"}],"about":[{"href":"https:\/\/demos8.bitaminadigital.com\/fruehauf\/wp-json\/wp\/v2\/types\/page"}],"author":[{"embeddable":true,"href":"https:\/\/demos8.bitaminadigital.com\/fruehauf\/wp-json\/wp\/v2\/users\/2"}],"replies":[{"embeddable":true,"href":"https:\/\/demos8.bitaminadigital.com\/fruehauf\/wp-json\/wp\/v2\/comments?post=102"}],"version-history":[{"count":49,"href":"https:\/\/demos8.bitaminadigital.com\/fruehauf\/wp-json\/wp\/v2\/pages\/102\/revisions"}],"predecessor-version":[{"id":1329,"href":"https:\/\/demos8.bitaminadigital.com\/fruehauf\/wp-json\/wp\/v2\/pages\/102\/revisions\/1329"}],"wp:attachment":[{"href":"https:\/\/demos8.bitaminadigital.com\/fruehauf\/wp-json\/wp\/v2\/media?parent=102"}],"curies":[{"name":"wp","href":"https:\/\/api.w.org\/{rel}","templated":true}]}}